{"id":8510,"date":"2024-09-20T09:11:25","date_gmt":"2024-09-20T09:11:25","guid":{"rendered":"https:\/\/logyline.com\/?page_id=8510"},"modified":"2024-09-24T07:45:16","modified_gmt":"2024-09-24T07:45:16","slug":"mentions-legales","status":"publish","type":"page","link":"https:\/\/logyline.com\/de\/mentions-legales\/","title":{"rendered":"Rechtliche Hinweise"},"content":{"rendered":"<div data-elementor-type=\"wp-post\" data-elementor-id=\"8510\" class=\"elementor elementor-8510\">\n\t\t\t\t\t\t<section class=\"elementor-section elementor-top-section elementor-element elementor-element-90a5f3e elementor-section-boxed elementor-section-height-default elementor-section-height-default\" data-id=\"90a5f3e\" data-element_type=\"section\" data-e-type=\"section\" data-settings=\"{&quot;background_background&quot;:&quot;classic&quot;}\">\n\t\t\t\t\t\t<div class=\"elementor-container elementor-column-gap-no\">\n\t\t\t\t\t<div class=\"elementor-column elementor-col-100 elementor-top-column elementor-element elementor-element-ec63c2c\" data-id=\"ec63c2c\" data-element_type=\"column\" data-e-type=\"column\">\n\t\t\t<div class=\"elementor-widget-wrap elementor-element-populated\">\n\t\t\t\t\t\t<div class=\"elementor-element elementor-element-8d137de elementor-invisible elementor-widget elementor-widget-heading\" data-id=\"8d137de\" data-element_type=\"widget\" data-e-type=\"widget\" data-settings=\"{&quot;_animation&quot;:&quot;fadeIn&quot;}\" data-widget_type=\"heading.default\">\n\t\t\t\t<div class=\"elementor-widget-container\">\n\t\t\t\t\t<h2 class=\"elementor-heading-title elementor-size-default\">Rechtliche Hinweise<\/h2>\t\t\t\t<\/div>\n\t\t\t\t<\/div>\n\t\t\t\t<div class=\"elementor-element elementor-element-7917b43 elementor-widget elementor-widget-text-editor\" data-id=\"7917b43\" data-element_type=\"widget\" data-e-type=\"widget\" data-widget_type=\"text-editor.default\">\n\t\t\t\t<div class=\"elementor-widget-container\">\n\t\t\t\t\t\t\t\t\t<p style=\"text-align: left;\">Gem\u00e4\u00df den Bestimmungen der Artikel 6-III und 19 des Gesetzes Nr. 2004-575 vom 21. Juni 2004 \u00fcber das Vertrauen in die digitale Wirtschaft, auch L.C.E.N. genannt, wird den Nutzern und Besuchern der Website Folgendes zur Kenntnis gebracht <a href=\"https:\/\/logyline.com\/de\/\" target=\"_new\" rel=\"noopener\">www.logyline.com<\/a> die vorliegenden rechtlichen Hinweise.<\/p><h4 style=\"text-align: left;\"><strong>Herausgeber der Seite<\/strong><\/h4><p style=\"text-align: left;\">Die Seite <a href=\"https:\/\/logyline.com\/de\/\" target=\"_new\" rel=\"noopener\">www.logyline.com<\/a> wird herausgegeben von :<\/p><ul style=\"text-align: left;\"><li><strong>Name des Unternehmens<\/strong> : LOGYLINE<\/li><li><strong>Rechtsform<\/strong> : Vereinfachte Aktiengesellschaft (SAS)<\/li><li><strong>Hauptsitz<\/strong> 6 rue Joule, 33700 M\u00e9rignac, Frankreich<\/li><li><strong>SIRET<\/strong> : 48990296500032<\/li><li><strong>Telefon<\/strong> : +33 (0)5 57 02 09 32<\/li><li><strong>E-Mail-Adresse<\/strong> : <a rel=\"noopener\">contact@logyline.com<\/a><\/li><li><strong>Leiter der Ver\u00f6ffentlichung<\/strong> : Th\u00e9ophane LANGLAIS<\/li><\/ul><h4 style=\"text-align: left;\"><strong>Hosting der Seite<\/strong><\/h4><p style=\"text-align: left;\">Die Seite <a href=\"https:\/\/logyline.com\/de\/\" target=\"_new\" rel=\"noopener\">www.logyline.com<\/a> wird gehostet von :<\/p><ul style=\"text-align: left;\"><li><strong>Name des Hosts<\/strong> : OVH<\/li><li><strong>Adresse des Hosts<\/strong> : 2 rue Kellermann, 59100 Roubaix, Frankreich<\/li><li><strong>Telefon<\/strong> : +33 (0)9 72 10 10 07<\/li><\/ul><h4 style=\"text-align: left;\"><strong>Geistiges Eigentum und F\u00e4lschungen<\/strong><\/h4><p style=\"text-align: left;\">LOGYLINE ist Eigent\u00fcmer der geistigen Eigentumsrechte oder besitzt die Nutzungsrechte f\u00fcr alle auf der Website zug\u00e4nglichen Elemente, insbesondere Texte, Bilder, Grafiken, Logos, Icons, T\u00f6ne und Software.<\/p><p style=\"text-align: left;\">Jede Reproduktion, Darstellung, \u00c4nderung, Ver\u00f6ffentlichung und Anpassung aller oder eines Teils der Elemente der Website, unabh\u00e4ngig von den verwendeten Mitteln oder Verfahren, ist untersagt, es sei denn, es liegt eine vorherige schriftliche Genehmigung von LOGYLINE vor.<\/p><h4 style=\"text-align: left;\"><strong>Beschr\u00e4nkung der Haftung<\/strong><\/h4><p style=\"text-align: left;\">LOGYLINE haftet nicht f\u00fcr direkte oder indirekte Sch\u00e4den an der Hardware des Nutzers beim Zugriff auf die Website. <a href=\"https:\/\/logyline.com\/de\/\" target=\"_new\" rel=\"noopener\">www.logyline.com<\/a>Diese k\u00f6nnen entweder durch die Verwendung von Material entstehen, das nicht den im vorherigen Punkt angegebenen Spezifikationen entspricht, oder durch das Auftreten eines Bugs oder einer Inkompatibilit\u00e4t.<\/p><p style=\"text-align: left;\">LOGYLINE kann auch nicht f\u00fcr indirekte Sch\u00e4den (wie z. B. Marktverlust oder Verlust einer Chance) haftbar gemacht werden, die sich aus der Nutzung der Website ergeben. <a href=\"https:\/\/logyline.com\/de\/\" target=\"_new\" rel=\"noopener\">www.logyline.com<\/a>.<\/p><h4 style=\"text-align: left;\"><strong>Pers\u00f6nliche Daten<\/strong><\/h4><p style=\"text-align: left;\">In Frankreich sind personenbezogene Daten insbesondere durch das Gesetz Nr. 78-87 vom 6. Januar 1978, das Gesetz Nr. 2004-801 vom 6. August 2004, Artikel L.226-13 des Strafgesetzbuchs und die Allgemeine Datenschutzverordnung (RGPD: Nr. 2016-679) gesch\u00fctzt.<\/p><p style=\"text-align: left;\">Durch die Nutzung der Seite <a href=\"https:\/\/logyline.com\/de\/\" target=\"_new\" rel=\"noopener\">www.logyline.com<\/a>In diesem Fall stimmt der Nutzer der Erhebung und Verarbeitung seiner pers\u00f6nlichen Daten zu. Weitere Informationen finden Sie in unserem <a href=\"https:\/\/logyline.com\/de\/cgv-et-politique-de-confidentialite\/\" rel=\"noopener\">Datenschutzrichtlinie<\/a>.<\/p><h4 style=\"text-align: left;\"><strong>Cookies<\/strong><\/h4><p style=\"text-align: left;\">Die Seite <a href=\"https:\/\/logyline.com\/de\/\" target=\"_new\" rel=\"noopener\">www.logyline.com<\/a> kann dazu veranlasst werden, Sie um die Annahme von Cookies f\u00fcr statistische Zwecke und zur Anzeige zu bitten. Ein Cookie ist eine Information, die vom Server der Website, die Sie besuchen, auf Ihrer Festplatte abgelegt wird.<\/p>\t\t\t\t\t\t\t\t<\/div>\n\t\t\t\t<\/div>\n\t\t\t\t\t<\/div>\n\t\t<\/div>\n\t\t\t\t\t<\/div>\n\t\t<\/section>\n\t\t\t\t<\/div>","protected":false},"excerpt":{"rendered":"<p>Mentions l\u00e9gales Conform\u00e9ment aux dispositions des articles 6-III et 19 de la Loi n\u00b02004-575 du 21 juin 2004 pour la Confiance dans l&rsquo;\u00c9conomie Num\u00e9rique, dite L.C.E.N., il est port\u00e9 \u00e0 la connaissance des utilisateurs et [&hellip;]<\/p>\n","protected":false},"author":4,"featured_media":0,"parent":0,"menu_order":0,"comment_status":"closed","ping_status":"closed","template":"","meta":{"site-sidebar-layout":"no-sidebar","site-content-layout":"page-builder","ast-site-content-layout":"default","site-content-style":"default","site-sidebar-style":"default","ast-global-header-display":"","ast-banner-title-visibility":"","ast-main-header-display":"","ast-hfb-above-header-display":"","ast-hfb-below-header-display":"","ast-hfb-mobile-header-display":"","site-post-title":"disabled","ast-breadcrumbs-content":"","ast-featured-img":"disabled","footer-sml-layout":"","ast-disable-related-posts":"","theme-transparent-header-meta":"enabled","adv-header-id-meta":"","stick-header-meta":"","header-above-stick-meta":"","header-main-stick-meta":"","header-below-stick-meta":"","astra-migrate-meta-layouts":"default","ast-page-background-enabled":"default","ast-page-background-meta":{"desktop":{"background-color":"","background-image":"","background-repeat":"repeat","background-position":"center center","background-size":"auto","background-attachment":"scroll","background-type":"","background-media":"","overlay-type":"","overlay-color":"","overlay-opacity":"","overlay-gradient":""},"tablet":{"background-color":"","background-image":"","background-repeat":"repeat","background-position":"center center","background-size":"auto","background-attachment":"scroll","background-type":"","background-media":"","overlay-type":"","overlay-color":"","overlay-opacity":"","overlay-gradient":""},"mobile":{"background-color":"","background-image":"","background-repeat":"repeat","background-position":"center center","background-size":"auto","background-attachment":"scroll","background-type":"","background-media":"","overlay-type":"","overlay-color":"","overlay-opacity":"","overlay-gradient":""}},"ast-content-background-meta":{"desktop":{"background-color":"var(--ast-global-color-5)","background-image":"","background-repeat":"repeat","background-position":"center center","background-size":"auto","background-attachment":"scroll","background-type":"","background-media":"","overlay-type":"","overlay-color":"","overlay-opacity":"","overlay-gradient":""},"tablet":{"background-color":"var(--ast-global-color-5)","background-image":"","background-repeat":"repeat","background-position":"center center","background-size":"auto","background-attachment":"scroll","background-type":"","background-media":"","overlay-type":"","overlay-color":"","overlay-opacity":"","overlay-gradient":""},"mobile":{"background-color":"var(--ast-global-color-5)","background-image":"","background-repeat":"repeat","background-position":"center center","background-size":"auto","background-attachment":"scroll","background-type":"","background-media":"","overlay-type":"","overlay-color":"","overlay-opacity":"","overlay-gradient":""}},"footnotes":""},"class_list":["post-8510","page","type-page","status-publish","hentry"],"yoast_head":"<!-- This site is optimized with the Yoast SEO plugin v27.4 - https:\/\/yoast.com\/product\/yoast-seo-wordpress\/ -->\n<title>Mentions l\u00e9gales - Logyline<\/title>\n<meta name=\"robots\" content=\"index, follow, max-snippet:-1, max-image-preview:large, max-video-preview:-1\" \/>\n<link rel=\"canonical\" href=\"https:\/\/logyline.com\/de\/mentions-legales\/\" \/>\n<meta property=\"og:locale\" content=\"de_DE\" \/>\n<meta property=\"og:type\" content=\"article\" \/>\n<meta property=\"og:title\" content=\"Mentions l\u00e9gales - Logyline\" \/>\n<meta property=\"og:description\" content=\"Mentions l\u00e9gales Conform\u00e9ment aux dispositions des articles 6-III et 19 de la Loi n\u00b02004-575 du 21 juin 2004 pour la Confiance dans l&rsquo;\u00c9conomie Num\u00e9rique, dite L.C.E.N., il est port\u00e9 \u00e0 la connaissance des utilisateurs et [&hellip;]\" \/>\n<meta property=\"og:url\" content=\"https:\/\/logyline.com\/de\/mentions-legales\/\" \/>\n<meta property=\"og:site_name\" content=\"Logyline\" \/>\n<meta property=\"article:publisher\" content=\"https:\/\/www.facebook.com\/logyline\/\" \/>\n<meta property=\"article:modified_time\" content=\"2024-09-24T07:45:16+00:00\" \/>\n<meta name=\"twitter:card\" content=\"summary_large_image\" \/>\n<meta name=\"twitter:label1\" content=\"Gesch\u00e4tzte Lesezeit\" \/>\n\t<meta name=\"twitter:data1\" content=\"2\u00a0Minuten\" \/>\n<script type=\"application\/ld+json\" class=\"yoast-schema-graph\">{\"@context\":\"https:\\\/\\\/schema.org\",\"@graph\":[{\"@type\":\"WebPage\",\"@id\":\"https:\\\/\\\/logyline.com\\\/mentions-legales\\\/\",\"url\":\"https:\\\/\\\/logyline.com\\\/mentions-legales\\\/\",\"name\":\"Mentions l\u00e9gales - Logyline\",\"isPartOf\":{\"@id\":\"https:\\\/\\\/logyline.com\\\/#website\"},\"datePublished\":\"2024-09-20T09:11:25+00:00\",\"dateModified\":\"2024-09-24T07:45:16+00:00\",\"breadcrumb\":{\"@id\":\"https:\\\/\\\/logyline.com\\\/mentions-legales\\\/#breadcrumb\"},\"inLanguage\":\"de\",\"potentialAction\":[{\"@type\":\"ReadAction\",\"target\":[\"https:\\\/\\\/logyline.com\\\/mentions-legales\\\/\"]}]},{\"@type\":\"BreadcrumbList\",\"@id\":\"https:\\\/\\\/logyline.com\\\/mentions-legales\\\/#breadcrumb\",\"itemListElement\":[{\"@type\":\"ListItem\",\"position\":1,\"name\":\"Home\",\"item\":\"https:\\\/\\\/logyline.com\\\/\"},{\"@type\":\"ListItem\",\"position\":2,\"name\":\"Mentions l\u00e9gales\"}]},{\"@type\":\"WebSite\",\"@id\":\"https:\\\/\\\/logyline.com\\\/#website\",\"url\":\"https:\\\/\\\/logyline.com\\\/\",\"name\":\"Logyline\",\"description\":\"Pour une nouvelle dimension\",\"publisher\":{\"@id\":\"https:\\\/\\\/logyline.com\\\/#organization\"},\"potentialAction\":[{\"@type\":\"SearchAction\",\"target\":{\"@type\":\"EntryPoint\",\"urlTemplate\":\"https:\\\/\\\/logyline.com\\\/?s={search_term_string}\"},\"query-input\":{\"@type\":\"PropertyValueSpecification\",\"valueRequired\":true,\"valueName\":\"search_term_string\"}}],\"inLanguage\":\"de\"},{\"@type\":\"Organization\",\"@id\":\"https:\\\/\\\/logyline.com\\\/#organization\",\"name\":\"Logyline\",\"url\":\"https:\\\/\\\/logyline.com\\\/\",\"logo\":{\"@type\":\"ImageObject\",\"inLanguage\":\"de\",\"@id\":\"https:\\\/\\\/logyline.com\\\/#\\\/schema\\\/logo\\\/image\\\/\",\"url\":\"https:\\\/\\\/logyline.com\\\/wp-content\\\/uploads\\\/2023\\\/06\\\/cropped-LOGO-LOGYLINE-2021-RVB.png\",\"contentUrl\":\"https:\\\/\\\/logyline.com\\\/wp-content\\\/uploads\\\/2023\\\/06\\\/cropped-LOGO-LOGYLINE-2021-RVB.png\",\"width\":1087,\"height\":628,\"caption\":\"Logyline\"},\"image\":{\"@id\":\"https:\\\/\\\/logyline.com\\\/#\\\/schema\\\/logo\\\/image\\\/\"},\"sameAs\":[\"https:\\\/\\\/www.facebook.com\\\/logyline\\\/\",\"https:\\\/\\\/www.instagram.com\\\/logyline_software\\\/?hl=fr\",\"https:\\\/\\\/www.linkedin.com\\\/company\\\/logyline\\\/\",\"https:\\\/\\\/www.youtube.com\\\/channel\\\/UC_TB3XwfR6nRnjFDEbh3Ewg\"]}]}<\/script>\n<!-- \/ Yoast SEO plugin. -->","yoast_head_json":{"title":"Mentions l\u00e9gales - Logyline","robots":{"index":"index","follow":"follow","max-snippet":"max-snippet:-1","max-image-preview":"max-image-preview:large","max-video-preview":"max-video-preview:-1"},"canonical":"https:\/\/logyline.com\/de\/mentions-legales\/","og_locale":"de_DE","og_type":"article","og_title":"Mentions l\u00e9gales - Logyline","og_description":"Mentions l\u00e9gales Conform\u00e9ment aux dispositions des articles 6-III et 19 de la Loi n\u00b02004-575 du 21 juin 2004 pour la Confiance dans l&rsquo;\u00c9conomie Num\u00e9rique, dite L.C.E.N., il est port\u00e9 \u00e0 la connaissance des utilisateurs et [&hellip;]","og_url":"https:\/\/logyline.com\/de\/mentions-legales\/","og_site_name":"Logyline","article_publisher":"https:\/\/www.facebook.com\/logyline\/","article_modified_time":"2024-09-24T07:45:16+00:00","twitter_card":"summary_large_image","twitter_misc":{"Gesch\u00e4tzte Lesezeit":"2\u00a0Minuten"},"schema":{"@context":"https:\/\/schema.org","@graph":[{"@type":"WebPage","@id":"https:\/\/logyline.com\/mentions-legales\/","url":"https:\/\/logyline.com\/mentions-legales\/","name":"Mentions l\u00e9gales - Logyline","isPartOf":{"@id":"https:\/\/logyline.com\/#website"},"datePublished":"2024-09-20T09:11:25+00:00","dateModified":"2024-09-24T07:45:16+00:00","breadcrumb":{"@id":"https:\/\/logyline.com\/mentions-legales\/#breadcrumb"},"inLanguage":"de","potentialAction":[{"@type":"ReadAction","target":["https:\/\/logyline.com\/mentions-legales\/"]}]},{"@type":"BreadcrumbList","@id":"https:\/\/logyline.com\/mentions-legales\/#breadcrumb","itemListElement":[{"@type":"ListItem","position":1,"name":"Home","item":"https:\/\/logyline.com\/"},{"@type":"ListItem","position":2,"name":"Mentions l\u00e9gales"}]},{"@type":"WebSite","@id":"https:\/\/logyline.com\/#website","url":"https:\/\/logyline.com\/","name":"Logyline","description":"F\u00fcr eine neue Dimension","publisher":{"@id":"https:\/\/logyline.com\/#organization"},"potentialAction":[{"@type":"SearchAction","target":{"@type":"EntryPoint","urlTemplate":"https:\/\/logyline.com\/?s={search_term_string}"},"query-input":{"@type":"PropertyValueSpecification","valueRequired":true,"valueName":"search_term_string"}}],"inLanguage":"de"},{"@type":"Organization","@id":"https:\/\/logyline.com\/#organization","name":"Logyline","url":"https:\/\/logyline.com\/","logo":{"@type":"ImageObject","inLanguage":"de","@id":"https:\/\/logyline.com\/#\/schema\/logo\/image\/","url":"https:\/\/logyline.com\/wp-content\/uploads\/2023\/06\/cropped-LOGO-LOGYLINE-2021-RVB.png","contentUrl":"https:\/\/logyline.com\/wp-content\/uploads\/2023\/06\/cropped-LOGO-LOGYLINE-2021-RVB.png","width":1087,"height":628,"caption":"Logyline"},"image":{"@id":"https:\/\/logyline.com\/#\/schema\/logo\/image\/"},"sameAs":["https:\/\/www.facebook.com\/logyline\/","https:\/\/www.instagram.com\/logyline_software\/?hl=fr","https:\/\/www.linkedin.com\/company\/logyline\/","https:\/\/www.youtube.com\/channel\/UC_TB3XwfR6nRnjFDEbh3Ewg"]}]}},"_links":{"self":[{"href":"https:\/\/logyline.com\/de\/wp-json\/wp\/v2\/pages\/8510","targetHints":{"allow":["GET"]}}],"collection":[{"href":"https:\/\/logyline.com\/de\/wp-json\/wp\/v2\/pages"}],"about":[{"href":"https:\/\/logyline.com\/de\/wp-json\/wp\/v2\/types\/page"}],"author":[{"embeddable":true,"href":"https:\/\/logyline.com\/de\/wp-json\/wp\/v2\/users\/4"}],"replies":[{"embeddable":true,"href":"https:\/\/logyline.com\/de\/wp-json\/wp\/v2\/comments?post=8510"}],"version-history":[{"count":16,"href":"https:\/\/logyline.com\/de\/wp-json\/wp\/v2\/pages\/8510\/revisions"}],"predecessor-version":[{"id":8543,"href":"https:\/\/logyline.com\/de\/wp-json\/wp\/v2\/pages\/8510\/revisions\/8543"}],"wp:attachment":[{"href":"https:\/\/logyline.com\/de\/wp-json\/wp\/v2\/media?parent=8510"}],"curies":[{"name":"wp","href":"https:\/\/api.w.org\/{rel}","templated":true}]}}