{"id":9745,"date":"2025-03-17T09:53:48","date_gmt":"2025-03-17T09:53:48","guid":{"rendered":"https:\/\/logyline.com\/?page_id=9745"},"modified":"2026-04-14T10:18:31","modified_gmt":"2026-04-14T10:18:31","slug":"shadow","status":"publish","type":"page","link":"https:\/\/logyline.com\/de\/shadow\/","title":{"rendered":"Shadow"},"content":{"rendered":"<div data-elementor-type=\"wp-post\" data-elementor-id=\"9745\" class=\"elementor elementor-9745\">\n\t\t\t\t\t\t<section class=\"elementor-section elementor-top-section elementor-element elementor-element-3e81919 elementor-section-boxed elementor-section-height-default elementor-section-height-default\" data-id=\"3e81919\" data-element_type=\"section\" data-e-type=\"section\" data-settings=\"{&quot;background_background&quot;:&quot;classic&quot;}\">\n\t\t\t\t\t\t\t<div class=\"elementor-background-overlay\"><\/div>\n\t\t\t\t\t\t\t<div class=\"elementor-container elementor-column-gap-no\">\n\t\t\t\t\t<div class=\"elementor-column elementor-col-100 elementor-top-column elementor-element elementor-element-503c112\" data-id=\"503c112\" data-element_type=\"column\" data-e-type=\"column\">\n\t\t\t<div class=\"elementor-widget-wrap elementor-element-populated\">\n\t\t\t\t\t\t<div class=\"elementor-element elementor-element-4207265 elementor-widget elementor-widget-heading\" data-id=\"4207265\" data-element_type=\"widget\" data-e-type=\"widget\" data-widget_type=\"heading.default\">\n\t\t\t\t<div class=\"elementor-widget-container\">\n\t\t\t\t\t<h3 class=\"elementor-heading-title elementor-size-default\">Shadow<\/h3>\t\t\t\t<\/div>\n\t\t\t\t<\/div>\n\t\t\t\t<div class=\"elementor-element elementor-element-c80875b elementor-widget elementor-widget-text-editor\" data-id=\"c80875b\" data-element_type=\"widget\" data-e-type=\"widget\" data-widget_type=\"text-editor.default\">\n\t\t\t\t<div class=\"elementor-widget-container\">\n\t\t\t\t\t\t\t\t\t<p>Virtueller Computer<\/p>\t\t\t\t\t\t\t\t<\/div>\n\t\t\t\t<\/div>\n\t\t\t\t\t<\/div>\n\t\t<\/div>\n\t\t\t\t\t<\/div>\n\t\t<\/section>\n\t\t\t\t<section class=\"elementor-section elementor-top-section elementor-element elementor-element-8d3112f elementor-section-boxed elementor-section-height-default elementor-section-height-default\" data-id=\"8d3112f\" data-element_type=\"section\" data-e-type=\"section\">\n\t\t\t\t\t\t<div class=\"elementor-container elementor-column-gap-default\">\n\t\t\t\t\t<div class=\"elementor-column elementor-col-100 elementor-top-column elementor-element elementor-element-d6c1779\" data-id=\"d6c1779\" data-element_type=\"column\" data-e-type=\"column\">\n\t\t\t<div class=\"elementor-widget-wrap elementor-element-populated\">\n\t\t\t\t\t\t<section class=\"elementor-section elementor-inner-section elementor-element elementor-element-488dcef elementor-section-boxed elementor-section-height-default elementor-section-height-default\" data-id=\"488dcef\" data-element_type=\"section\" data-e-type=\"section\">\n\t\t\t\t\t\t<div class=\"elementor-container elementor-column-gap-default\">\n\t\t\t\t\t<div class=\"elementor-column elementor-col-50 elementor-inner-column elementor-element elementor-element-7d7969f\" data-id=\"7d7969f\" data-element_type=\"column\" data-e-type=\"column\" data-settings=\"{&quot;background_background&quot;:&quot;classic&quot;}\">\n\t\t\t<div class=\"elementor-widget-wrap elementor-element-populated\">\n\t\t\t\t\t\t<div class=\"elementor-element elementor-element-f37c0b8 elementor-widget elementor-widget-text-editor\" data-id=\"f37c0b8\" data-element_type=\"widget\" data-e-type=\"widget\" data-widget_type=\"text-editor.default\">\n\t\t\t\t<div class=\"elementor-widget-container\">\n\t\t\t\t\t\t\t\t\t<p style=\"text-align: center;\"><span style=\"font-size: 14pt;\"><strong><span style=\"color: #000000;\">Was ist das?<\/span><\/strong><\/span><\/p><p>Shadow ist ein von Logyline v\u00f6llig unabh\u00e4ngiger Service. Er erm\u00f6glicht jedem Nutzer den Zugriff auf einen kompletten Windows-PC, der in der Cloud gehostet wird und auf den von jedem Ger\u00e4t (Computer, Tablet) aus zugegriffen werden kann. Dieser virtuelle PC kann von \u00fcberall aus genutzt werden, solange Sie eine Internetverbindung haben.<\/p>\t\t\t\t\t\t\t\t<\/div>\n\t\t\t\t<\/div>\n\t\t\t\t\t<\/div>\n\t\t<\/div>\n\t\t\t\t<div class=\"elementor-column elementor-col-50 elementor-inner-column elementor-element elementor-element-9a84862\" data-id=\"9a84862\" data-element_type=\"column\" data-e-type=\"column\" data-settings=\"{&quot;background_background&quot;:&quot;classic&quot;}\">\n\t\t\t<div class=\"elementor-widget-wrap elementor-element-populated\">\n\t\t\t\t\t\t<div class=\"elementor-element elementor-element-e844630 elementor-widget elementor-widget-text-editor\" data-id=\"e844630\" data-element_type=\"widget\" data-e-type=\"widget\" data-widget_type=\"text-editor.default\">\n\t\t\t\t<div class=\"elementor-widget-container\">\n\t\t\t\t\t\t\t\t\t<p style=\"text-align: center;\"><span style=\"font-size: 14pt;\"><strong><span style=\"color: #000000;\">Warum sollten Sie sich f\u00fcr Shadow entscheiden?<\/span><\/strong><\/span><\/p><p style=\"text-align: justify;\"><span style=\"font-style: inherit; font-weight: inherit; background-color: var( --e-global-color-astglobalcolor5 );\">Mit Shadow m\u00fcssen Sie sich keine Sorgen mehr um die Leistung oder Konfiguration Ihres Computers machen. Egal ob Sie einen Mac oder einen leistungsschwachen Windows-PC haben, Sie k\u00f6nnen logyconcept3D ohne Einschr\u00e4nkungen nutzen.\u00a0<\/span><\/p><p>Shadow erm\u00f6glicht die Ausf\u00fchrung anspruchsvoller Software in 3D. Genie\u00dfen Sie ein fl\u00fcssiges und leistungsstarkes Erlebnis, wo immer Sie sind!<\/p>\t\t\t\t\t\t\t\t<\/div>\n\t\t\t\t<\/div>\n\t\t\t\t\t<\/div>\n\t\t<\/div>\n\t\t\t\t\t<\/div>\n\t\t<\/section>\n\t\t\t\t\t<\/div>\n\t\t<\/div>\n\t\t\t\t\t<\/div>\n\t\t<\/section>\n\t\t\t\t<section class=\"elementor-section elementor-top-section elementor-element elementor-element-2e0ca25 elementor-section-boxed elementor-section-height-default elementor-section-height-default\" data-id=\"2e0ca25\" data-element_type=\"section\" data-e-type=\"section\">\n\t\t\t\t\t\t<div class=\"elementor-container elementor-column-gap-default\">\n\t\t\t\t\t<div class=\"elementor-column elementor-col-100 elementor-top-column elementor-element elementor-element-4b80dba\" data-id=\"4b80dba\" data-element_type=\"column\" data-e-type=\"column\">\n\t\t\t<div class=\"elementor-widget-wrap elementor-element-populated\">\n\t\t\t\t\t\t<div class=\"elementor-element elementor-element-f50994f elementor-widget elementor-widget-heading\" data-id=\"f50994f\" data-element_type=\"widget\" data-e-type=\"widget\" data-widget_type=\"heading.default\">\n\t\t\t\t<div class=\"elementor-widget-container\">\n\t\t\t\t\t<h4 class=\"elementor-heading-title elementor-size-default\">Logyline-Angebot<\/h4>\t\t\t\t<\/div>\n\t\t\t\t<\/div>\n\t\t\t\t<div class=\"elementor-element elementor-element-a573f08 elementor-widget elementor-widget-text-editor\" data-id=\"a573f08\" data-element_type=\"widget\" data-e-type=\"widget\" data-widget_type=\"text-editor.default\">\n\t\t\t\t<div class=\"elementor-widget-container\">\n\t\t\t\t\t\t\t\t\t<p>Nehmen Sie Shadow \u00fcber Logyline und profitieren Sie von einer schl\u00fcsselfertigen L\u00f6sung. Wir k\u00fcmmern uns um alles: Installation von logyconcept3D auf dem virtuellen PC und Verwaltung des PC-Zugangs!<\/p>\t\t\t\t\t\t\t\t<\/div>\n\t\t\t\t<\/div>\n\t\t\t\t<div class=\"elementor-element elementor-element-b14af3f elementor-align-center elementor-widget elementor-widget-button\" data-id=\"b14af3f\" data-element_type=\"widget\" data-e-type=\"widget\" data-widget_type=\"button.default\">\n\t\t\t\t<div class=\"elementor-widget-container\">\n\t\t\t\t\t\t\t\t\t<div class=\"elementor-button-wrapper\">\n\t\t\t\t\t<a class=\"elementor-button elementor-button-link elementor-size-sm\" href=\"https:\/\/preprod.connect.logyline.com\/shop\">\n\t\t\t\t\t\t<span class=\"elementor-button-content-wrapper\">\n\t\t\t\t\t\t<span class=\"elementor-button-icon\">\n\t\t\t\t<i aria-hidden=\"true\" class=\"fas fa-chevron-right\"><\/i>\t\t\t<\/span>\n\t\t\t\t\t\t\t\t\t<span class=\"elementor-button-text\">Kaufen<\/span>\n\t\t\t\t\t<\/span>\n\t\t\t\t\t<\/a>\n\t\t\t\t<\/div>\n\t\t\t\t\t\t\t\t<\/div>\n\t\t\t\t<\/div>\n\t\t\t\t\t<\/div>\n\t\t<\/div>\n\t\t\t\t\t<\/div>\n\t\t<\/section>\n\t\t\t\t<section class=\"elementor-section elementor-top-section elementor-element elementor-element-109457c elementor-section-boxed elementor-section-height-default elementor-section-height-default\" data-id=\"109457c\" data-element_type=\"section\" data-e-type=\"section\">\n\t\t\t\t\t\t<div class=\"elementor-container elementor-column-gap-default\">\n\t\t\t\t\t<div class=\"elementor-column elementor-col-100 elementor-top-column elementor-element elementor-element-4108fab\" data-id=\"4108fab\" data-element_type=\"column\" data-e-type=\"column\">\n\t\t\t<div class=\"elementor-widget-wrap elementor-element-populated\">\n\t\t\t\t\t\t<div class=\"elementor-element elementor-element-d9b96cd elementor-widget elementor-widget-heading\" data-id=\"d9b96cd\" data-element_type=\"widget\" data-e-type=\"widget\" data-widget_type=\"heading.default\">\n\t\t\t\t<div class=\"elementor-widget-container\">\n\t\t\t\t\t<h4 class=\"elementor-heading-title elementor-size-default\">Wie installiere ich Shadow auf dem Computer?<\/h4>\t\t\t\t<\/div>\n\t\t\t\t<\/div>\n\t\t\t\t<div class=\"elementor-element elementor-element-6817975 elementor-widget elementor-widget-video\" data-id=\"6817975\" data-element_type=\"widget\" data-e-type=\"widget\" data-settings=\"{&quot;youtube_url&quot;:&quot;https:\\\/\\\/www.youtube.com\\\/watch?v=mGS3tWqw4ac&quot;,&quot;video_type&quot;:&quot;youtube&quot;,&quot;controls&quot;:&quot;yes&quot;}\" data-widget_type=\"video.default\">\n\t\t\t\t<div class=\"elementor-widget-container\">\n\t\t\t\t\t\t\t<div class=\"elementor-wrapper elementor-open-inline\">\n\t\t\t<div class=\"elementor-video\"><\/div>\t\t<\/div>\n\t\t\t\t\t\t<\/div>\n\t\t\t\t<\/div>\n\t\t\t\t<div class=\"elementor-element elementor-element-85e7897 elementor-widget elementor-widget-heading\" data-id=\"85e7897\" data-element_type=\"widget\" data-e-type=\"widget\" data-widget_type=\"heading.default\">\n\t\t\t\t<div class=\"elementor-widget-container\">\n\t\t\t\t\t<h4 class=\"elementor-heading-title elementor-size-default\">Kompatibilit\u00e4t<\/h4>\t\t\t\t<\/div>\n\t\t\t\t<\/div>\n\t\t\t\t<section class=\"elementor-section elementor-inner-section elementor-element elementor-element-1006a8d elementor-section-boxed elementor-section-height-default elementor-section-height-default\" data-id=\"1006a8d\" data-element_type=\"section\" data-e-type=\"section\">\n\t\t\t\t\t\t<div class=\"elementor-container elementor-column-gap-default\">\n\t\t\t\t\t<div class=\"elementor-column elementor-col-50 elementor-inner-column elementor-element elementor-element-a45e5eb\" data-id=\"a45e5eb\" data-element_type=\"column\" data-e-type=\"column\">\n\t\t\t<div class=\"elementor-widget-wrap elementor-element-populated\">\n\t\t\t\t\t\t<div class=\"elementor-element elementor-element-8ace2a6 elementor-widget elementor-widget-image\" data-id=\"8ace2a6\" data-element_type=\"widget\" data-e-type=\"widget\" data-widget_type=\"image.default\">\n\t\t\t\t<div class=\"elementor-widget-container\">\n\t\t\t\t\t\t\t\t\t\t\t\t\t\t\t<img decoding=\"async\" width=\"221\" height=\"150\" src=\"https:\/\/logyline.com\/wp-content\/uploads\/2025\/03\/Redimensionnement-logos-partenaire-Site-3.png\" class=\"attachment-medium_large size-medium_large wp-image-9747\" alt=\"\" srcset=\"https:\/\/logyline.com\/wp-content\/uploads\/2025\/03\/Redimensionnement-logos-partenaire-Site-3.png 221w, https:\/\/logyline.com\/wp-content\/uploads\/2025\/03\/Redimensionnement-logos-partenaire-Site-3-18x12.png 18w\" sizes=\"(max-width: 221px) 100vw, 221px\" \/>\t\t\t\t\t\t\t\t\t\t\t\t\t\t\t<\/div>\n\t\t\t\t<\/div>\n\t\t\t\t\t<\/div>\n\t\t<\/div>\n\t\t\t\t<div class=\"elementor-column elementor-col-50 elementor-inner-column elementor-element elementor-element-75c9890\" data-id=\"75c9890\" data-element_type=\"column\" data-e-type=\"column\">\n\t\t\t<div class=\"elementor-widget-wrap elementor-element-populated\">\n\t\t\t\t\t\t<div class=\"elementor-element elementor-element-6adc773 elementor-widget elementor-widget-image\" data-id=\"6adc773\" data-element_type=\"widget\" data-e-type=\"widget\" data-widget_type=\"image.default\">\n\t\t\t\t<div class=\"elementor-widget-container\">\n\t\t\t\t\t\t\t\t\t\t\t\t\t\t\t<img decoding=\"async\" width=\"221\" height=\"150\" src=\"https:\/\/logyline.com\/wp-content\/uploads\/2025\/03\/Redimensionnement-logos-partenaire-Site-4.png\" class=\"attachment-large size-large wp-image-9748\" alt=\"\" srcset=\"https:\/\/logyline.com\/wp-content\/uploads\/2025\/03\/Redimensionnement-logos-partenaire-Site-4.png 221w, https:\/\/logyline.com\/wp-content\/uploads\/2025\/03\/Redimensionnement-logos-partenaire-Site-4-18x12.png 18w\" sizes=\"(max-width: 221px) 100vw, 221px\" \/>\t\t\t\t\t\t\t\t\t\t\t\t\t\t\t<\/div>\n\t\t\t\t<\/div>\n\t\t\t\t\t<\/div>\n\t\t<\/div>\n\t\t\t\t\t<\/div>\n\t\t<\/section>\n\t\t\t\t\t<\/div>\n\t\t<\/div>\n\t\t\t\t\t<\/div>\n\t\t<\/section>\n\t\t\t\t<\/div>","protected":false},"excerpt":{"rendered":"<p>Shadow Ordinateur virtuel Qu&rsquo;est-ce que c&rsquo;est ? Shadow est un service totalement ind\u00e9pendant de Logyline. Il permet \u00e0 chaque utilisateur d\u2019acc\u00e9der \u00e0 un PC Windows complet, h\u00e9berg\u00e9 dans le cloud, accessible depuis n\u2019importe quel appareil [&hellip;]<\/p>\n","protected":false},"author":9,"featured_media":0,"parent":0,"menu_order":0,"comment_status":"closed","ping_status":"closed","template":"","meta":{"site-sidebar-layout":"no-sidebar","site-content-layout":"page-builder","ast-site-content-layout":"full-width-container","site-content-style":"unboxed","site-sidebar-style":"unboxed","ast-global-header-display":"","ast-banner-title-visibility":"","ast-main-header-display":"","ast-hfb-above-header-display":"","ast-hfb-below-header-display":"","ast-hfb-mobile-header-display":"","site-post-title":"disabled","ast-breadcrumbs-content":"","ast-featured-img":"disabled","footer-sml-layout":"","ast-disable-related-posts":"","theme-transparent-header-meta":"enabled","adv-header-id-meta":"","stick-header-meta":"","header-above-stick-meta":"","header-main-stick-meta":"","header-below-stick-meta":"","astra-migrate-meta-layouts":"set","ast-page-background-enabled":"default","ast-page-background-meta":{"desktop":{"background-color":"","background-image":"","background-repeat":"repeat","background-position":"center center","background-size":"auto","background-attachment":"scroll","background-type":"","background-media":"","overlay-type":"","overlay-color":"","overlay-opacity":"","overlay-gradient":""},"tablet":{"background-color":"","background-image":"","background-repeat":"repeat","background-position":"center center","background-size":"auto","background-attachment":"scroll","background-type":"","background-media":"","overlay-type":"","overlay-color":"","overlay-opacity":"","overlay-gradient":""},"mobile":{"background-color":"","background-image":"","background-repeat":"repeat","background-position":"center center","background-size":"auto","background-attachment":"scroll","background-type":"","background-media":"","overlay-type":"","overlay-color":"","overlay-opacity":"","overlay-gradient":""}},"ast-content-background-meta":{"desktop":{"background-color":"var(--ast-global-color-5)","background-image":"","background-repeat":"repeat","background-position":"center center","background-size":"auto","background-attachment":"scroll","background-type":"","background-media":"","overlay-type":"","overlay-color":"","overlay-opacity":"","overlay-gradient":""},"tablet":{"background-color":"var(--ast-global-color-5)","background-image":"","background-repeat":"repeat","background-position":"center center","background-size":"auto","background-attachment":"scroll","background-type":"","background-media":"","overlay-type":"","overlay-color":"","overlay-opacity":"","overlay-gradient":""},"mobile":{"background-color":"var(--ast-global-color-5)","background-image":"","background-repeat":"repeat","background-position":"center center","background-size":"auto","background-attachment":"scroll","background-type":"","background-media":"","overlay-type":"","overlay-color":"","overlay-opacity":"","overlay-gradient":""}},"footnotes":""},"class_list":["post-9745","page","type-page","status-publish","hentry"],"yoast_head":"<!-- This site is optimized with the Yoast SEO plugin v27.4 - https:\/\/yoast.com\/product\/yoast-seo-wordpress\/ -->\n<title>Shadow - Logyline<\/title>\n<meta name=\"description\" content=\"Shadow, votre ordinateur virtuel pour une meilleure utilisation de logyconcept3D. Pas besoin d&#039;acheter un nouveau PC !\" \/>\n<meta name=\"robots\" content=\"index, follow, max-snippet:-1, max-image-preview:large, max-video-preview:-1\" \/>\n<link rel=\"canonical\" href=\"https:\/\/logyline.com\/de\/shadow\/\" \/>\n<meta property=\"og:locale\" content=\"de_DE\" \/>\n<meta property=\"og:type\" content=\"article\" \/>\n<meta property=\"og:title\" content=\"Shadow - Logyline\" \/>\n<meta property=\"og:description\" content=\"Shadow, votre ordinateur virtuel pour une meilleure utilisation de logyconcept3D. Pas besoin d&#039;acheter un nouveau PC !\" \/>\n<meta property=\"og:url\" content=\"https:\/\/logyline.com\/de\/shadow\/\" \/>\n<meta property=\"og:site_name\" content=\"Logyline\" \/>\n<meta property=\"article:publisher\" content=\"https:\/\/www.facebook.com\/logyline\/\" \/>\n<meta property=\"article:modified_time\" content=\"2026-04-14T10:18:31+00:00\" \/>\n<meta property=\"og:image\" content=\"https:\/\/logyline.com\/wp-content\/uploads\/2025\/03\/Redimensionnement-logos-partenaire-Site-3.png\" \/>\n\t<meta property=\"og:image:width\" content=\"221\" \/>\n\t<meta property=\"og:image:height\" content=\"150\" \/>\n\t<meta property=\"og:image:type\" content=\"image\/png\" \/>\n<meta name=\"twitter:card\" content=\"summary_large_image\" \/>\n<meta name=\"twitter:label1\" content=\"Gesch\u00e4tzte Lesezeit\" \/>\n\t<meta name=\"twitter:data1\" content=\"2\u00a0Minuten\" \/>\n<script type=\"application\/ld+json\" class=\"yoast-schema-graph\">{\"@context\":\"https:\\\/\\\/schema.org\",\"@graph\":[{\"@type\":\"WebPage\",\"@id\":\"https:\\\/\\\/logyline.com\\\/shadow\\\/\",\"url\":\"https:\\\/\\\/logyline.com\\\/shadow\\\/\",\"name\":\"Shadow - Logyline\",\"isPartOf\":{\"@id\":\"https:\\\/\\\/logyline.com\\\/#website\"},\"primaryImageOfPage\":{\"@id\":\"https:\\\/\\\/logyline.com\\\/shadow\\\/#primaryimage\"},\"image\":{\"@id\":\"https:\\\/\\\/logyline.com\\\/shadow\\\/#primaryimage\"},\"thumbnailUrl\":\"https:\\\/\\\/logyline.com\\\/wp-content\\\/uploads\\\/2025\\\/03\\\/Redimensionnement-logos-partenaire-Site-3.png\",\"datePublished\":\"2025-03-17T09:53:48+00:00\",\"dateModified\":\"2026-04-14T10:18:31+00:00\",\"description\":\"Shadow, votre ordinateur virtuel pour une meilleure utilisation de logyconcept3D. Pas besoin d'acheter un nouveau PC !\",\"breadcrumb\":{\"@id\":\"https:\\\/\\\/logyline.com\\\/shadow\\\/#breadcrumb\"},\"inLanguage\":\"de\",\"potentialAction\":[{\"@type\":\"ReadAction\",\"target\":[\"https:\\\/\\\/logyline.com\\\/shadow\\\/\"]}]},{\"@type\":\"ImageObject\",\"inLanguage\":\"de\",\"@id\":\"https:\\\/\\\/logyline.com\\\/shadow\\\/#primaryimage\",\"url\":\"https:\\\/\\\/logyline.com\\\/wp-content\\\/uploads\\\/2025\\\/03\\\/Redimensionnement-logos-partenaire-Site-3.png\",\"contentUrl\":\"https:\\\/\\\/logyline.com\\\/wp-content\\\/uploads\\\/2025\\\/03\\\/Redimensionnement-logos-partenaire-Site-3.png\"},{\"@type\":\"BreadcrumbList\",\"@id\":\"https:\\\/\\\/logyline.com\\\/shadow\\\/#breadcrumb\",\"itemListElement\":[{\"@type\":\"ListItem\",\"position\":1,\"name\":\"Home\",\"item\":\"https:\\\/\\\/logyline.com\\\/\"},{\"@type\":\"ListItem\",\"position\":2,\"name\":\"Shadow\"}]},{\"@type\":\"WebSite\",\"@id\":\"https:\\\/\\\/logyline.com\\\/#website\",\"url\":\"https:\\\/\\\/logyline.com\\\/\",\"name\":\"Logyline\",\"description\":\"Pour une nouvelle dimension\",\"publisher\":{\"@id\":\"https:\\\/\\\/logyline.com\\\/#organization\"},\"potentialAction\":[{\"@type\":\"SearchAction\",\"target\":{\"@type\":\"EntryPoint\",\"urlTemplate\":\"https:\\\/\\\/logyline.com\\\/?s={search_term_string}\"},\"query-input\":{\"@type\":\"PropertyValueSpecification\",\"valueRequired\":true,\"valueName\":\"search_term_string\"}}],\"inLanguage\":\"de\"},{\"@type\":\"Organization\",\"@id\":\"https:\\\/\\\/logyline.com\\\/#organization\",\"name\":\"Logyline\",\"url\":\"https:\\\/\\\/logyline.com\\\/\",\"logo\":{\"@type\":\"ImageObject\",\"inLanguage\":\"de\",\"@id\":\"https:\\\/\\\/logyline.com\\\/#\\\/schema\\\/logo\\\/image\\\/\",\"url\":\"https:\\\/\\\/logyline.com\\\/wp-content\\\/uploads\\\/2023\\\/06\\\/cropped-LOGO-LOGYLINE-2021-RVB.png\",\"contentUrl\":\"https:\\\/\\\/logyline.com\\\/wp-content\\\/uploads\\\/2023\\\/06\\\/cropped-LOGO-LOGYLINE-2021-RVB.png\",\"width\":1087,\"height\":628,\"caption\":\"Logyline\"},\"image\":{\"@id\":\"https:\\\/\\\/logyline.com\\\/#\\\/schema\\\/logo\\\/image\\\/\"},\"sameAs\":[\"https:\\\/\\\/www.facebook.com\\\/logyline\\\/\",\"https:\\\/\\\/www.instagram.com\\\/logyline_software\\\/?hl=fr\",\"https:\\\/\\\/www.linkedin.com\\\/company\\\/logyline\\\/\",\"https:\\\/\\\/www.youtube.com\\\/channel\\\/UC_TB3XwfR6nRnjFDEbh3Ewg\"]}]}<\/script>\n<!-- \/ Yoast SEO plugin. -->","yoast_head_json":{"title":"Shadow - Logyline","description":"Shadow, votre ordinateur virtuel pour une meilleure utilisation de logyconcept3D. Pas besoin d'acheter un nouveau PC !","robots":{"index":"index","follow":"follow","max-snippet":"max-snippet:-1","max-image-preview":"max-image-preview:large","max-video-preview":"max-video-preview:-1"},"canonical":"https:\/\/logyline.com\/de\/shadow\/","og_locale":"de_DE","og_type":"article","og_title":"Shadow - Logyline","og_description":"Shadow, votre ordinateur virtuel pour une meilleure utilisation de logyconcept3D. Pas besoin d'acheter un nouveau PC !","og_url":"https:\/\/logyline.com\/de\/shadow\/","og_site_name":"Logyline","article_publisher":"https:\/\/www.facebook.com\/logyline\/","article_modified_time":"2026-04-14T10:18:31+00:00","og_image":[{"width":221,"height":150,"url":"https:\/\/logyline.com\/wp-content\/uploads\/2025\/03\/Redimensionnement-logos-partenaire-Site-3.png","type":"image\/png"}],"twitter_card":"summary_large_image","twitter_misc":{"Gesch\u00e4tzte Lesezeit":"2\u00a0Minuten"},"schema":{"@context":"https:\/\/schema.org","@graph":[{"@type":"WebPage","@id":"https:\/\/logyline.com\/shadow\/","url":"https:\/\/logyline.com\/shadow\/","name":"Shadow - Logyline","isPartOf":{"@id":"https:\/\/logyline.com\/#website"},"primaryImageOfPage":{"@id":"https:\/\/logyline.com\/shadow\/#primaryimage"},"image":{"@id":"https:\/\/logyline.com\/shadow\/#primaryimage"},"thumbnailUrl":"https:\/\/logyline.com\/wp-content\/uploads\/2025\/03\/Redimensionnement-logos-partenaire-Site-3.png","datePublished":"2025-03-17T09:53:48+00:00","dateModified":"2026-04-14T10:18:31+00:00","description":"Shadow, votre ordinateur virtuel pour une meilleure utilisation de logyconcept3D. Pas besoin d'acheter un nouveau PC !","breadcrumb":{"@id":"https:\/\/logyline.com\/shadow\/#breadcrumb"},"inLanguage":"de","potentialAction":[{"@type":"ReadAction","target":["https:\/\/logyline.com\/shadow\/"]}]},{"@type":"ImageObject","inLanguage":"de","@id":"https:\/\/logyline.com\/shadow\/#primaryimage","url":"https:\/\/logyline.com\/wp-content\/uploads\/2025\/03\/Redimensionnement-logos-partenaire-Site-3.png","contentUrl":"https:\/\/logyline.com\/wp-content\/uploads\/2025\/03\/Redimensionnement-logos-partenaire-Site-3.png"},{"@type":"BreadcrumbList","@id":"https:\/\/logyline.com\/shadow\/#breadcrumb","itemListElement":[{"@type":"ListItem","position":1,"name":"Home","item":"https:\/\/logyline.com\/"},{"@type":"ListItem","position":2,"name":"Shadow"}]},{"@type":"WebSite","@id":"https:\/\/logyline.com\/#website","url":"https:\/\/logyline.com\/","name":"Logyline","description":"F\u00fcr eine neue Dimension","publisher":{"@id":"https:\/\/logyline.com\/#organization"},"potentialAction":[{"@type":"SearchAction","target":{"@type":"EntryPoint","urlTemplate":"https:\/\/logyline.com\/?s={search_term_string}"},"query-input":{"@type":"PropertyValueSpecification","valueRequired":true,"valueName":"search_term_string"}}],"inLanguage":"de"},{"@type":"Organization","@id":"https:\/\/logyline.com\/#organization","name":"Logyline","url":"https:\/\/logyline.com\/","logo":{"@type":"ImageObject","inLanguage":"de","@id":"https:\/\/logyline.com\/#\/schema\/logo\/image\/","url":"https:\/\/logyline.com\/wp-content\/uploads\/2023\/06\/cropped-LOGO-LOGYLINE-2021-RVB.png","contentUrl":"https:\/\/logyline.com\/wp-content\/uploads\/2023\/06\/cropped-LOGO-LOGYLINE-2021-RVB.png","width":1087,"height":628,"caption":"Logyline"},"image":{"@id":"https:\/\/logyline.com\/#\/schema\/logo\/image\/"},"sameAs":["https:\/\/www.facebook.com\/logyline\/","https:\/\/www.instagram.com\/logyline_software\/?hl=fr","https:\/\/www.linkedin.com\/company\/logyline\/","https:\/\/www.youtube.com\/channel\/UC_TB3XwfR6nRnjFDEbh3Ewg"]}]}},"_links":{"self":[{"href":"https:\/\/logyline.com\/de\/wp-json\/wp\/v2\/pages\/9745","targetHints":{"allow":["GET"]}}],"collection":[{"href":"https:\/\/logyline.com\/de\/wp-json\/wp\/v2\/pages"}],"about":[{"href":"https:\/\/logyline.com\/de\/wp-json\/wp\/v2\/types\/page"}],"author":[{"embeddable":true,"href":"https:\/\/logyline.com\/de\/wp-json\/wp\/v2\/users\/9"}],"replies":[{"embeddable":true,"href":"https:\/\/logyline.com\/de\/wp-json\/wp\/v2\/comments?post=9745"}],"version-history":[{"count":48,"href":"https:\/\/logyline.com\/de\/wp-json\/wp\/v2\/pages\/9745\/revisions"}],"predecessor-version":[{"id":10665,"href":"https:\/\/logyline.com\/de\/wp-json\/wp\/v2\/pages\/9745\/revisions\/10665"}],"wp:attachment":[{"href":"https:\/\/logyline.com\/de\/wp-json\/wp\/v2\/media?parent=9745"}],"curies":[{"name":"wp","href":"https:\/\/api.w.org\/{rel}","templated":true}]}}