{"id":5225,"date":"2023-07-19T09:39:40","date_gmt":"2023-07-19T09:39:40","guid":{"rendered":"https:\/\/logyline.com\/?page_id=5225"},"modified":"2025-06-23T13:47:03","modified_gmt":"2025-06-23T13:47:03","slug":"rejoindre-logyline","status":"publish","type":"page","link":"https:\/\/logyline.com\/en\/rejoindre-logyline\/","title":{"rendered":"Join Logyline"},"content":{"rendered":"<div data-elementor-type=\"wp-post\" data-elementor-id=\"5225\" class=\"elementor elementor-5225\">\n\t\t\t\t\t\t<section class=\"elementor-section elementor-top-section elementor-element elementor-element-272b6da elementor-section-boxed elementor-section-height-default elementor-section-height-default\" data-id=\"272b6da\" data-element_type=\"section\" data-e-type=\"section\" data-settings=\"{&quot;background_background&quot;:&quot;classic&quot;}\">\n\t\t\t\t\t\t\t<div class=\"elementor-background-overlay\"><\/div>\n\t\t\t\t\t\t\t<div class=\"elementor-container elementor-column-gap-no\">\n\t\t\t\t\t<div class=\"elementor-column elementor-col-100 elementor-top-column elementor-element elementor-element-3720d4a\" data-id=\"3720d4a\" data-element_type=\"column\" data-e-type=\"column\">\n\t\t\t<div class=\"elementor-widget-wrap elementor-element-populated\">\n\t\t\t\t\t\t<div class=\"elementor-element elementor-element-771a60c elementor-widget__width-initial elementor-widget elementor-widget-heading\" data-id=\"771a60c\" data-element_type=\"widget\" data-e-type=\"widget\" data-widget_type=\"heading.default\">\n\t\t\t\t<div class=\"elementor-widget-container\">\n\t\t\t\t\t<h3 class=\"elementor-heading-title elementor-size-default\">Join Logyline<\/h3>\t\t\t\t<\/div>\n\t\t\t\t<\/div>\n\t\t\t\t\t<\/div>\n\t\t<\/div>\n\t\t\t\t\t<\/div>\n\t\t<\/section>\n\t\t\t\t<section class=\"elementor-section elementor-top-section elementor-element elementor-element-df3c9fe elementor-section-boxed elementor-section-height-default elementor-section-height-default\" data-id=\"df3c9fe\" data-element_type=\"section\" data-e-type=\"section\">\n\t\t\t\t\t\t<div class=\"elementor-container elementor-column-gap-default\">\n\t\t\t\t\t<div class=\"elementor-column elementor-col-50 elementor-top-column elementor-element elementor-element-72bb621\" data-id=\"72bb621\" data-element_type=\"column\" data-e-type=\"column\">\n\t\t\t<div class=\"elementor-widget-wrap elementor-element-populated\">\n\t\t\t\t\t\t<div class=\"elementor-element elementor-element-8069085 elementor-widget elementor-widget-image\" data-id=\"8069085\" data-element_type=\"widget\" data-e-type=\"widget\" data-widget_type=\"image.default\">\n\t\t\t\t<div class=\"elementor-widget-container\">\n\t\t\t\t\t\t\t\t\t\t\t\t\t\t\t<img fetchpriority=\"high\" decoding=\"async\" width=\"1024\" height=\"560\" src=\"https:\/\/logyline.com\/wp-content\/uploads\/2025\/06\/Design-sans-titre-4-1024x560.png\" class=\"attachment-large size-large wp-image-10107\" alt=\"Equipe Logyline\" srcset=\"https:\/\/logyline.com\/wp-content\/uploads\/2025\/06\/Design-sans-titre-4-1024x560.png 1024w, https:\/\/logyline.com\/wp-content\/uploads\/2025\/06\/Design-sans-titre-4-300x164.png 300w, https:\/\/logyline.com\/wp-content\/uploads\/2025\/06\/Design-sans-titre-4-768x420.png 768w, https:\/\/logyline.com\/wp-content\/uploads\/2025\/06\/Design-sans-titre-4-1536x840.png 1536w, https:\/\/logyline.com\/wp-content\/uploads\/2025\/06\/Design-sans-titre-4-2048x1120.png 2048w, https:\/\/logyline.com\/wp-content\/uploads\/2025\/06\/Design-sans-titre-4-18x10.png 18w\" sizes=\"(max-width: 1024px) 100vw, 1024px\" \/>\t\t\t\t\t\t\t\t\t\t\t\t\t\t\t<\/div>\n\t\t\t\t<\/div>\n\t\t\t\t<div class=\"elementor-element elementor-element-5f3f3be elementor-widget elementor-widget-heading\" data-id=\"5f3f3be\" data-element_type=\"widget\" data-e-type=\"widget\" data-widget_type=\"heading.default\">\n\t\t\t\t<div class=\"elementor-widget-container\">\n\t\t\t\t\t<h4 class=\"elementor-heading-title elementor-size-default\">Logyline is recruiting! <\/h4>\t\t\t\t<\/div>\n\t\t\t\t<\/div>\n\t\t\t\t<div class=\"elementor-element elementor-element-a6ff31d elementor-widget elementor-widget-text-editor\" data-id=\"a6ff31d\" data-element_type=\"widget\" data-e-type=\"widget\" data-widget_type=\"text-editor.default\">\n\t\t\t\t<div class=\"elementor-widget-container\">\n\t\t\t\t\t\t\t\t\t<p>Are you committed and want your work to have an impact? Join Logyline and contribute to innovation in the field of 3D and Augmented Reality applied to outdoor landscaping.<\/p><p><span style=\"font-style: inherit; font-weight: inherit;\">We're looking for talent from the software and landscaping sectors: developers, marketers, sales people and customer service experts.<\/span><\/p><h4 style=\"margin-bottom: 0px; font-style: normal; text-align: center;\"><span style=\"font-size: 12pt;\">Join\u00a0<span style=\"padding: 0px; margin: 0px; color: #44b7b0;\">Logyline<\/span> !<\/span><\/h4>\t\t\t\t\t\t\t\t<\/div>\n\t\t\t\t<\/div>\n\t\t\t\t\t<\/div>\n\t\t<\/div>\n\t\t\t\t<div class=\"elementor-column elementor-col-50 elementor-top-column elementor-element elementor-element-0b21313\" data-id=\"0b21313\" data-element_type=\"column\" data-e-type=\"column\">\n\t\t\t<div class=\"elementor-widget-wrap elementor-element-populated\">\n\t\t\t\t\t\t<div class=\"elementor-element elementor-element-db06c45 elementor-widget elementor-widget-heading\" data-id=\"db06c45\" data-element_type=\"widget\" data-e-type=\"widget\" data-widget_type=\"heading.default\">\n\t\t\t\t<div class=\"elementor-widget-container\">\n\t\t\t\t\t<h4 class=\"elementor-heading-title elementor-size-default\">Application form<\/h4>\t\t\t\t<\/div>\n\t\t\t\t<\/div>\n\t\t\t\t<div class=\"elementor-element elementor-element-a2b24e6 elementor-widget elementor-widget-html\" data-id=\"a2b24e6\" data-element_type=\"widget\" data-e-type=\"widget\" data-widget_type=\"html.default\">\n\t\t\t\t<div class=\"elementor-widget-container\">\n\t\t\t\t\t<iframe frameborder=\"0\" style=\"height:900px;width:99%;border:none;\" src='https:\/\/forms.zohopublic.com\/logyline\/form\/Demandederecrutement\/formperma\/cycI1StV1ulQXfYTlClgWuQVTEvsDPnCmo9Y2GU7Ifg'><\/iframe>\t\t\t\t<\/div>\n\t\t\t\t<\/div>\n\t\t\t\t\t<\/div>\n\t\t<\/div>\n\t\t\t\t\t<\/div>\n\t\t<\/section>\n\t\t\t\t<\/div>","protected":false},"excerpt":{"rendered":"<p>Rejoindre Logyline Logyline Recrute ! De temp\u00e9rament engag\u00e9, vous souhaitez que votre travail ait un impact ? Rejoignez\u00a0Logyline\u00a0pour contribuer \u00e0 l&rsquo;innovation dans le domaine de la 3D et de la R\u00e9alit\u00e9 Augment\u00e9e appliqu\u00e9es \u00e0 l&rsquo;am\u00e9nagement [&hellip;]<\/p>\n","protected":false},"author":2,"featured_media":0,"parent":0,"menu_order":0,"comment_status":"closed","ping_status":"closed","template":"","meta":{"site-sidebar-layout":"no-sidebar","site-content-layout":"page-builder","ast-site-content-layout":"default","site-content-style":"default","site-sidebar-style":"default","ast-global-header-display":"","ast-banner-title-visibility":"","ast-main-header-display":"","ast-hfb-above-header-display":"","ast-hfb-below-header-display":"","ast-hfb-mobile-header-display":"","site-post-title":"disabled","ast-breadcrumbs-content":"","ast-featured-img":"disabled","footer-sml-layout":"","ast-disable-related-posts":"","theme-transparent-header-meta":"enabled","adv-header-id-meta":"","stick-header-meta":"","header-above-stick-meta":"","header-main-stick-meta":"","header-below-stick-meta":"","astra-migrate-meta-layouts":"default","ast-page-background-enabled":"default","ast-page-background-meta":{"desktop":{"background-color":"","background-image":"","background-repeat":"repeat","background-position":"center center","background-size":"auto","background-attachment":"scroll","background-type":"","background-media":"","overlay-type":"","overlay-color":"","overlay-opacity":"","overlay-gradient":""},"tablet":{"background-color":"","background-image":"","background-repeat":"repeat","background-position":"center center","background-size":"auto","background-attachment":"scroll","background-type":"","background-media":"","overlay-type":"","overlay-color":"","overlay-opacity":"","overlay-gradient":""},"mobile":{"background-color":"","background-image":"","background-repeat":"repeat","background-position":"center center","background-size":"auto","background-attachment":"scroll","background-type":"","background-media":"","overlay-type":"","overlay-color":"","overlay-opacity":"","overlay-gradient":""}},"ast-content-background-meta":{"desktop":{"background-color":"var(--ast-global-color-5)","background-image":"","background-repeat":"repeat","background-position":"center center","background-size":"auto","background-attachment":"scroll","background-type":"","background-media":"","overlay-type":"","overlay-color":"","overlay-opacity":"","overlay-gradient":""},"tablet":{"background-color":"var(--ast-global-color-5)","background-image":"","background-repeat":"repeat","background-position":"center center","background-size":"auto","background-attachment":"scroll","background-type":"","background-media":"","overlay-type":"","overlay-color":"","overlay-opacity":"","overlay-gradient":""},"mobile":{"background-color":"var(--ast-global-color-5)","background-image":"","background-repeat":"repeat","background-position":"center center","background-size":"auto","background-attachment":"scroll","background-type":"","background-media":"","overlay-type":"","overlay-color":"","overlay-opacity":"","overlay-gradient":""}},"footnotes":""},"class_list":["post-5225","page","type-page","status-publish","hentry"],"yoast_head":"<!-- This site is optimized with the Yoast SEO plugin v27.3 - https:\/\/yoast.com\/product\/yoast-seo-wordpress\/ -->\n<title>Rejoindre Logyline - Recrutement - Logyline<\/title>\n<meta name=\"description\" content=\"Nous recherchons des profils talentueux issus du secteur d\u2019activit\u00e9 \u00e9diteur de logiciels ou de l\u2019am\u00e9nagement ext\u00e9rieur.\" \/>\n<meta name=\"robots\" content=\"index, follow, max-snippet:-1, max-image-preview:large, max-video-preview:-1\" \/>\n<link rel=\"canonical\" href=\"https:\/\/logyline.com\/en\/rejoindre-logyline\/\" \/>\n<meta property=\"og:locale\" content=\"en_US\" \/>\n<meta property=\"og:type\" content=\"article\" \/>\n<meta property=\"og:title\" content=\"Rejoindre Logyline - Recrutement - Logyline\" \/>\n<meta property=\"og:description\" content=\"Nous recherchons des profils talentueux issus du secteur d\u2019activit\u00e9 \u00e9diteur de logiciels ou de l\u2019am\u00e9nagement ext\u00e9rieur.\" \/>\n<meta property=\"og:url\" content=\"https:\/\/logyline.com\/en\/rejoindre-logyline\/\" \/>\n<meta property=\"og:site_name\" content=\"Logyline\" \/>\n<meta property=\"article:publisher\" content=\"https:\/\/www.facebook.com\/logyline\/\" \/>\n<meta property=\"article:modified_time\" content=\"2025-06-23T13:47:03+00:00\" \/>\n<meta property=\"og:image\" content=\"https:\/\/logyline.com\/wp-content\/uploads\/2025\/06\/Design-sans-titre-4-1024x560.png\" \/>\n\t<meta property=\"og:image:width\" content=\"1024\" \/>\n\t<meta property=\"og:image:height\" content=\"560\" \/>\n\t<meta property=\"og:image:type\" content=\"image\/png\" \/>\n<meta name=\"twitter:card\" content=\"summary_large_image\" \/>\n<meta name=\"twitter:label1\" content=\"Est. reading time\" \/>\n\t<meta name=\"twitter:data1\" content=\"1 minute\" \/>\n<script type=\"application\/ld+json\" class=\"yoast-schema-graph\">{\"@context\":\"https:\\\/\\\/schema.org\",\"@graph\":[{\"@type\":\"WebPage\",\"@id\":\"https:\\\/\\\/logyline.com\\\/rejoindre-logyline\\\/\",\"url\":\"https:\\\/\\\/logyline.com\\\/rejoindre-logyline\\\/\",\"name\":\"Rejoindre Logyline - Recrutement - Logyline\",\"isPartOf\":{\"@id\":\"https:\\\/\\\/logyline.com\\\/#website\"},\"primaryImageOfPage\":{\"@id\":\"https:\\\/\\\/logyline.com\\\/rejoindre-logyline\\\/#primaryimage\"},\"image\":{\"@id\":\"https:\\\/\\\/logyline.com\\\/rejoindre-logyline\\\/#primaryimage\"},\"thumbnailUrl\":\"https:\\\/\\\/logyline.com\\\/wp-content\\\/uploads\\\/2025\\\/06\\\/Design-sans-titre-4-1024x560.png\",\"datePublished\":\"2023-07-19T09:39:40+00:00\",\"dateModified\":\"2025-06-23T13:47:03+00:00\",\"description\":\"Nous recherchons des profils talentueux issus du secteur d\u2019activit\u00e9 \u00e9diteur de logiciels ou de l\u2019am\u00e9nagement ext\u00e9rieur.\",\"breadcrumb\":{\"@id\":\"https:\\\/\\\/logyline.com\\\/rejoindre-logyline\\\/#breadcrumb\"},\"inLanguage\":\"en-US\",\"potentialAction\":[{\"@type\":\"ReadAction\",\"target\":[\"https:\\\/\\\/logyline.com\\\/rejoindre-logyline\\\/\"]}]},{\"@type\":\"ImageObject\",\"inLanguage\":\"en-US\",\"@id\":\"https:\\\/\\\/logyline.com\\\/rejoindre-logyline\\\/#primaryimage\",\"url\":\"https:\\\/\\\/logyline.com\\\/wp-content\\\/uploads\\\/2025\\\/06\\\/Design-sans-titre-4-1024x560.png\",\"contentUrl\":\"https:\\\/\\\/logyline.com\\\/wp-content\\\/uploads\\\/2025\\\/06\\\/Design-sans-titre-4-1024x560.png\"},{\"@type\":\"BreadcrumbList\",\"@id\":\"https:\\\/\\\/logyline.com\\\/rejoindre-logyline\\\/#breadcrumb\",\"itemListElement\":[{\"@type\":\"ListItem\",\"position\":1,\"name\":\"Home\",\"item\":\"https:\\\/\\\/logyline.com\\\/\"},{\"@type\":\"ListItem\",\"position\":2,\"name\":\"Rejoindre Logyline\"}]},{\"@type\":\"WebSite\",\"@id\":\"https:\\\/\\\/logyline.com\\\/#website\",\"url\":\"https:\\\/\\\/logyline.com\\\/\",\"name\":\"Logyline\",\"description\":\"Pour une nouvelle dimension\",\"publisher\":{\"@id\":\"https:\\\/\\\/logyline.com\\\/#organization\"},\"potentialAction\":[{\"@type\":\"SearchAction\",\"target\":{\"@type\":\"EntryPoint\",\"urlTemplate\":\"https:\\\/\\\/logyline.com\\\/?s={search_term_string}\"},\"query-input\":{\"@type\":\"PropertyValueSpecification\",\"valueRequired\":true,\"valueName\":\"search_term_string\"}}],\"inLanguage\":\"en-US\"},{\"@type\":\"Organization\",\"@id\":\"https:\\\/\\\/logyline.com\\\/#organization\",\"name\":\"Logyline\",\"url\":\"https:\\\/\\\/logyline.com\\\/\",\"logo\":{\"@type\":\"ImageObject\",\"inLanguage\":\"en-US\",\"@id\":\"https:\\\/\\\/logyline.com\\\/#\\\/schema\\\/logo\\\/image\\\/\",\"url\":\"https:\\\/\\\/logyline.com\\\/wp-content\\\/uploads\\\/2023\\\/06\\\/cropped-LOGO-LOGYLINE-2021-RVB.png\",\"contentUrl\":\"https:\\\/\\\/logyline.com\\\/wp-content\\\/uploads\\\/2023\\\/06\\\/cropped-LOGO-LOGYLINE-2021-RVB.png\",\"width\":1087,\"height\":628,\"caption\":\"Logyline\"},\"image\":{\"@id\":\"https:\\\/\\\/logyline.com\\\/#\\\/schema\\\/logo\\\/image\\\/\"},\"sameAs\":[\"https:\\\/\\\/www.facebook.com\\\/logyline\\\/\",\"https:\\\/\\\/www.instagram.com\\\/logyline_software\\\/?hl=fr\",\"https:\\\/\\\/www.linkedin.com\\\/company\\\/logyline\\\/\",\"https:\\\/\\\/www.youtube.com\\\/channel\\\/UC_TB3XwfR6nRnjFDEbh3Ewg\"]}]}<\/script>\n<!-- \/ Yoast SEO plugin. -->","yoast_head_json":{"title":"Join Logyline - Recruitment - Logyline","description":"We're looking for talented people with backgrounds in software development or landscaping.","robots":{"index":"index","follow":"follow","max-snippet":"max-snippet:-1","max-image-preview":"max-image-preview:large","max-video-preview":"max-video-preview:-1"},"canonical":"https:\/\/logyline.com\/en\/rejoindre-logyline\/","og_locale":"en_US","og_type":"article","og_title":"Rejoindre Logyline - Recrutement - Logyline","og_description":"Nous recherchons des profils talentueux issus du secteur d\u2019activit\u00e9 \u00e9diteur de logiciels ou de l\u2019am\u00e9nagement ext\u00e9rieur.","og_url":"https:\/\/logyline.com\/en\/rejoindre-logyline\/","og_site_name":"Logyline","article_publisher":"https:\/\/www.facebook.com\/logyline\/","article_modified_time":"2025-06-23T13:47:03+00:00","og_image":[{"width":1024,"height":560,"url":"https:\/\/logyline.com\/wp-content\/uploads\/2025\/06\/Design-sans-titre-4-1024x560.png","type":"image\/png"}],"twitter_card":"summary_large_image","twitter_misc":{"Est. reading time":"1 minute"},"schema":{"@context":"https:\/\/schema.org","@graph":[{"@type":"WebPage","@id":"https:\/\/logyline.com\/rejoindre-logyline\/","url":"https:\/\/logyline.com\/rejoindre-logyline\/","name":"Join Logyline - Recruitment - Logyline","isPartOf":{"@id":"https:\/\/logyline.com\/#website"},"primaryImageOfPage":{"@id":"https:\/\/logyline.com\/rejoindre-logyline\/#primaryimage"},"image":{"@id":"https:\/\/logyline.com\/rejoindre-logyline\/#primaryimage"},"thumbnailUrl":"https:\/\/logyline.com\/wp-content\/uploads\/2025\/06\/Design-sans-titre-4-1024x560.png","datePublished":"2023-07-19T09:39:40+00:00","dateModified":"2025-06-23T13:47:03+00:00","description":"We're looking for talented people with backgrounds in software development or landscaping.","breadcrumb":{"@id":"https:\/\/logyline.com\/rejoindre-logyline\/#breadcrumb"},"inLanguage":"en-US","potentialAction":[{"@type":"ReadAction","target":["https:\/\/logyline.com\/rejoindre-logyline\/"]}]},{"@type":"ImageObject","inLanguage":"en-US","@id":"https:\/\/logyline.com\/rejoindre-logyline\/#primaryimage","url":"https:\/\/logyline.com\/wp-content\/uploads\/2025\/06\/Design-sans-titre-4-1024x560.png","contentUrl":"https:\/\/logyline.com\/wp-content\/uploads\/2025\/06\/Design-sans-titre-4-1024x560.png"},{"@type":"BreadcrumbList","@id":"https:\/\/logyline.com\/rejoindre-logyline\/#breadcrumb","itemListElement":[{"@type":"ListItem","position":1,"name":"Home","item":"https:\/\/logyline.com\/"},{"@type":"ListItem","position":2,"name":"Rejoindre Logyline"}]},{"@type":"WebSite","@id":"https:\/\/logyline.com\/#website","url":"https:\/\/logyline.com\/","name":"Logyline","description":"For a new dimension","publisher":{"@id":"https:\/\/logyline.com\/#organization"},"potentialAction":[{"@type":"SearchAction","target":{"@type":"EntryPoint","urlTemplate":"https:\/\/logyline.com\/?s={search_term_string}"},"query-input":{"@type":"PropertyValueSpecification","valueRequired":true,"valueName":"search_term_string"}}],"inLanguage":"en-US"},{"@type":"Organization","@id":"https:\/\/logyline.com\/#organization","name":"Logyline","url":"https:\/\/logyline.com\/","logo":{"@type":"ImageObject","inLanguage":"en-US","@id":"https:\/\/logyline.com\/#\/schema\/logo\/image\/","url":"https:\/\/logyline.com\/wp-content\/uploads\/2023\/06\/cropped-LOGO-LOGYLINE-2021-RVB.png","contentUrl":"https:\/\/logyline.com\/wp-content\/uploads\/2023\/06\/cropped-LOGO-LOGYLINE-2021-RVB.png","width":1087,"height":628,"caption":"Logyline"},"image":{"@id":"https:\/\/logyline.com\/#\/schema\/logo\/image\/"},"sameAs":["https:\/\/www.facebook.com\/logyline\/","https:\/\/www.instagram.com\/logyline_software\/?hl=fr","https:\/\/www.linkedin.com\/company\/logyline\/","https:\/\/www.youtube.com\/channel\/UC_TB3XwfR6nRnjFDEbh3Ewg"]}]}},"_links":{"self":[{"href":"https:\/\/logyline.com\/en\/wp-json\/wp\/v2\/pages\/5225","targetHints":{"allow":["GET"]}}],"collection":[{"href":"https:\/\/logyline.com\/en\/wp-json\/wp\/v2\/pages"}],"about":[{"href":"https:\/\/logyline.com\/en\/wp-json\/wp\/v2\/types\/page"}],"author":[{"embeddable":true,"href":"https:\/\/logyline.com\/en\/wp-json\/wp\/v2\/users\/2"}],"replies":[{"embeddable":true,"href":"https:\/\/logyline.com\/en\/wp-json\/wp\/v2\/comments?post=5225"}],"version-history":[{"count":32,"href":"https:\/\/logyline.com\/en\/wp-json\/wp\/v2\/pages\/5225\/revisions"}],"predecessor-version":[{"id":10110,"href":"https:\/\/logyline.com\/en\/wp-json\/wp\/v2\/pages\/5225\/revisions\/10110"}],"wp:attachment":[{"href":"https:\/\/logyline.com\/en\/wp-json\/wp\/v2\/media?parent=5225"}],"curies":[{"name":"wp","href":"https:\/\/api.w.org\/{rel}","templated":true}]}}