{"id":1559,"date":"2023-06-26T09:18:12","date_gmt":"2023-06-26T09:18:12","guid":{"rendered":"https:\/\/logyline.com\/?page_id=1559"},"modified":"2025-11-19T10:38:25","modified_gmt":"2025-11-19T10:38:25","slug":"demonstration","status":"publish","type":"page","link":"https:\/\/logyline.com\/es\/demonstration\/","title":{"rendered":"Demostraci\u00f3n"},"content":{"rendered":"<div data-elementor-type=\"wp-post\" data-elementor-id=\"1559\" class=\"elementor elementor-1559\">\n\t\t\t\t\t\t<section class=\"elementor-section elementor-top-section elementor-element elementor-element-761c3b1 elementor-section-boxed elementor-section-height-default elementor-section-height-default\" data-id=\"761c3b1\" data-element_type=\"section\" data-e-type=\"section\" data-settings=\"{&quot;background_background&quot;:&quot;classic&quot;}\">\n\t\t\t\t\t\t\t<div class=\"elementor-background-overlay\"><\/div>\n\t\t\t\t\t\t\t<div class=\"elementor-container elementor-column-gap-no\">\n\t\t\t\t\t<div class=\"elementor-column elementor-col-100 elementor-top-column elementor-element elementor-element-dcbabd2\" data-id=\"dcbabd2\" data-element_type=\"column\" data-e-type=\"column\">\n\t\t\t<div class=\"elementor-widget-wrap elementor-element-populated\">\n\t\t\t\t\t\t<div class=\"elementor-element elementor-element-6ad5bf8 elementor-widget elementor-widget-heading\" data-id=\"6ad5bf8\" data-element_type=\"widget\" data-e-type=\"widget\" data-widget_type=\"heading.default\">\n\t\t\t\t<div class=\"elementor-widget-container\">\n\t\t\t\t\t<h1 class=\"elementor-heading-title elementor-size-default\">Demostraci\u00f3n<\/h1>\t\t\t\t<\/div>\n\t\t\t\t<\/div>\n\t\t\t\t<div class=\"elementor-element elementor-element-2efbbb3 elementor-widget elementor-widget-text-editor\" data-id=\"2efbbb3\" data-element_type=\"widget\" data-e-type=\"widget\" data-widget_type=\"text-editor.default\">\n\t\t\t\t<div class=\"elementor-widget-container\">\n\t\t\t\t\t\t\t\t\t<p>Vea aqu\u00ed nuestro v\u00eddeo de demostraci\u00f3n de logyconcept3D\u00a0<br \/>y concierte una cita con un asesor para una demostraci\u00f3n personalizada o para hacerle preguntas.\u00a0<\/p>\t\t\t\t\t\t\t\t<\/div>\n\t\t\t\t<\/div>\n\t\t\t\t\t<\/div>\n\t\t<\/div>\n\t\t\t\t\t<\/div>\n\t\t<\/section>\n\t\t\t\t<section class=\"elementor-section elementor-top-section elementor-element elementor-element-804d334 elementor-section-boxed elementor-section-height-default elementor-section-height-default\" data-id=\"804d334\" data-element_type=\"section\" data-e-type=\"section\">\n\t\t\t\t\t\t<div class=\"elementor-container elementor-column-gap-default\">\n\t\t\t\t\t<div class=\"elementor-column elementor-col-16 elementor-top-column elementor-element elementor-element-4dc675b\" data-id=\"4dc675b\" data-element_type=\"column\" data-e-type=\"column\">\n\t\t\t<div class=\"elementor-widget-wrap\">\n\t\t\t\t\t\t\t<\/div>\n\t\t<\/div>\n\t\t\t\t<div class=\"elementor-column elementor-col-66 elementor-top-column elementor-element elementor-element-679086e\" data-id=\"679086e\" data-element_type=\"column\" data-e-type=\"column\">\n\t\t\t<div class=\"elementor-widget-wrap elementor-element-populated\">\n\t\t\t\t\t\t<div class=\"elementor-element elementor-element-932fdc2 elementor-widget elementor-widget-video\" data-id=\"932fdc2\" data-element_type=\"widget\" data-e-type=\"widget\" data-settings=\"{&quot;youtube_url&quot;:&quot;https:\\\/\\\/youtu.be\\\/IcvpgvLQ8RA&quot;,&quot;video_type&quot;:&quot;youtube&quot;,&quot;controls&quot;:&quot;yes&quot;}\" data-widget_type=\"video.default\">\n\t\t\t\t<div class=\"elementor-widget-container\">\n\t\t\t\t\t\t\t<div class=\"elementor-wrapper elementor-open-inline\">\n\t\t\t<div class=\"elementor-video\"><\/div>\t\t<\/div>\n\t\t\t\t\t\t<\/div>\n\t\t\t\t<\/div>\n\t\t\t\t<div class=\"elementor-element elementor-element-7421cb0 elementor-widget elementor-widget-text-editor\" data-id=\"7421cb0\" data-element_type=\"widget\" data-e-type=\"widget\" data-widget_type=\"text-editor.default\">\n\t\t\t\t<div class=\"elementor-widget-container\">\n\t\t\t\t\t\t\t\t\t<p><strong><span style=\"background-color: var( --e-global-color-astglobalcolor5 ); font-size: 1rem;\">\u00bfQuiere saber m\u00e1s?<\/span><\/strong><\/p>\n<p>\ud83d\udc49 Vea nuestro v\u00eddeo de demostraci\u00f3n de POOL&nbsp;<span style=\"color: #000000;\"><a style=\"color: #000000;\" href=\"https:\/\/youtu.be\/v-LdzsLA9Uo\" target=\"_blank\" rel=\"noopener\"><u>AQU\u00cd<\/u><\/a><\/span><\/p><p>\ud83d\udc49 Vea nuestro v\u00eddeo de demostraci\u00f3n de OMBRAGE&nbsp;<span style=\"color: #000000;\"><a style=\"color: #000000;\" href=\"https:\/\/youtu.be\/nUZ7YmET5m4\" target=\"_blank\" rel=\"noopener\"><u>AQU\u00cd<\/u><\/a><\/span><\/p>\n<p>\ud83d\udc49 Y nuestro v\u00eddeo de demostraci\u00f3n de paisajismo&nbsp;<span style=\"color: #000000;\"><a style=\"color: #000000; transition-property: all;\" href=\"https:\/\/youtu.be\/W7mjZHNSVcU\" target=\"_blank\" rel=\"noopener\"><u>AQU\u00cd<\/u><\/a><\/span><\/p>\t\t\t\t\t\t\t\t<\/div>\n\t\t\t\t<\/div>\n\t\t\t\t\t<\/div>\n\t\t<\/div>\n\t\t\t\t<div class=\"elementor-column elementor-col-16 elementor-top-column elementor-element elementor-element-3acf0ae\" data-id=\"3acf0ae\" data-element_type=\"column\" data-e-type=\"column\">\n\t\t\t<div class=\"elementor-widget-wrap\">\n\t\t\t\t\t\t\t<\/div>\n\t\t<\/div>\n\t\t\t\t\t<\/div>\n\t\t<\/section>\n\t\t\t\t<section class=\"elementor-section elementor-top-section elementor-element elementor-element-5096e22 elementor-section-boxed elementor-section-height-default elementor-section-height-default\" data-id=\"5096e22\" data-element_type=\"section\" data-e-type=\"section\" data-settings=\"{&quot;background_background&quot;:&quot;classic&quot;}\">\n\t\t\t\t\t\t<div class=\"elementor-container elementor-column-gap-default\">\n\t\t\t\t\t<div class=\"elementor-column elementor-col-100 elementor-top-column elementor-element elementor-element-feaae22\" data-id=\"feaae22\" data-element_type=\"column\" data-e-type=\"column\">\n\t\t\t<div class=\"elementor-widget-wrap elementor-element-populated\">\n\t\t\t\t\t\t<div class=\"elementor-element elementor-element-86212f8 elementor-widget elementor-widget-heading\" data-id=\"86212f8\" data-element_type=\"widget\" data-e-type=\"widget\" data-widget_type=\"heading.default\">\n\t\t\t\t<div class=\"elementor-widget-container\">\n\t\t\t\t\t<h3 class=\"elementor-heading-title elementor-size-default\">Concierte una cita para una demostraci\u00f3n personalizada<\/h3>\t\t\t\t<\/div>\n\t\t\t\t<\/div>\n\t\t\t\t<section class=\"elementor-section elementor-inner-section elementor-element elementor-element-555cc94 elementor-section-height-min-height elementor-section-boxed elementor-section-height-default\" data-id=\"555cc94\" data-element_type=\"section\" data-e-type=\"section\">\n\t\t\t\t\t\t<div class=\"elementor-container elementor-column-gap-default\">\n\t\t\t\t\t<div class=\"elementor-column elementor-col-50 elementor-inner-column elementor-element elementor-element-ec48650\" data-id=\"ec48650\" data-element_type=\"column\" data-e-type=\"column\">\n\t\t\t<div class=\"elementor-widget-wrap elementor-element-populated\">\n\t\t\t\t\t\t<div class=\"elementor-element elementor-element-1544576 elementor-widget elementor-widget-text-editor\" data-id=\"1544576\" data-element_type=\"widget\" data-e-type=\"widget\" data-widget_type=\"text-editor.default\">\n\t\t\t\t<div class=\"elementor-widget-container\">\n\t\t\t\t\t\t\t\t\t<p>\u00bfDesea una demostraci\u00f3n personalizada de logyconcept3D?<br \/>Reserve ya su plaza<\/p>\t\t\t\t\t\t\t\t<\/div>\n\t\t\t\t<\/div>\n\t\t\t\t\t<\/div>\n\t\t<\/div>\n\t\t\t\t<div class=\"elementor-column elementor-col-50 elementor-inner-column elementor-element elementor-element-753d64f\" data-id=\"753d64f\" data-element_type=\"column\" data-e-type=\"column\">\n\t\t\t<div class=\"elementor-widget-wrap elementor-element-populated\">\n\t\t\t\t\t\t<div class=\"elementor-element elementor-element-5191bd2 elementor-widget__width-initial elementor-widget elementor-widget-html\" data-id=\"5191bd2\" data-element_type=\"widget\" data-e-type=\"widget\" data-widget_type=\"html.default\">\n\t\t\t\t<div class=\"elementor-widget-container\">\n\t\t\t\t\t<iframe width='100%' height='450px' src='https:\/\/logyline.zohobookings.com\/portal-embed#\/customer\/demo-logyconcept3d' frameborder='0' allowfullscreen='' > <\/iframe>\t\t\t\t<\/div>\n\t\t\t\t<\/div>\n\t\t\t\t\t<\/div>\n\t\t<\/div>\n\t\t\t\t\t<\/div>\n\t\t<\/section>\n\t\t\t\t\t<\/div>\n\t\t<\/div>\n\t\t\t\t\t<\/div>\n\t\t<\/section>\n\t\t\t\t<section class=\"elementor-section elementor-top-section elementor-element elementor-element-9db7b3b elementor-hidden-desktop elementor-hidden-tablet elementor-hidden-mobile elementor-section-boxed elementor-section-height-default elementor-section-height-default\" data-id=\"9db7b3b\" data-element_type=\"section\" data-e-type=\"section\" data-settings=\"{&quot;background_background&quot;:&quot;classic&quot;}\">\n\t\t\t\t\t\t<div class=\"elementor-container elementor-column-gap-no\">\n\t\t\t\t\t<div class=\"elementor-column elementor-col-100 elementor-top-column elementor-element elementor-element-e54d1fb\" data-id=\"e54d1fb\" data-element_type=\"column\" data-e-type=\"column\">\n\t\t\t<div class=\"elementor-widget-wrap elementor-element-populated\">\n\t\t\t\t\t\t<div class=\"elementor-element elementor-element-2940bea elementor-invisible elementor-widget elementor-widget-heading\" data-id=\"2940bea\" data-element_type=\"widget\" data-e-type=\"widget\" data-settings=\"{&quot;_animation&quot;:&quot;fadeIn&quot;}\" data-widget_type=\"heading.default\">\n\t\t\t\t<div class=\"elementor-widget-container\">\n\t\t\t\t\t<h2 class=\"elementor-heading-title elementor-size-default\">Preguntas frecuentes<\/h2>\t\t\t\t<\/div>\n\t\t\t\t<\/div>\n\t\t\t\t<div class=\"elementor-element elementor-element-1fc6c3a elementor-widget elementor-widget-text-editor\" data-id=\"1fc6c3a\" data-element_type=\"widget\" data-e-type=\"widget\" data-widget_type=\"text-editor.default\">\n\t\t\t\t<div class=\"elementor-widget-container\">\n\t\t\t\t\t\t\t\t\tUn p\u00e1rrafo descriptivo que diga a los clientes lo bueno que eres y demuestre que eres la mejor opci\u00f3n que han elegido.\t\t\t\t\t\t\t\t<\/div>\n\t\t\t\t<\/div>\n\t\t\t\t<div class=\"elementor-element elementor-element-00a2846 elementor-widget elementor-widget-accordion\" data-id=\"00a2846\" data-element_type=\"widget\" data-e-type=\"widget\" data-widget_type=\"accordion.default\">\n\t\t\t\t<div class=\"elementor-widget-container\">\n\t\t\t\t\t\t\t<div class=\"elementor-accordion\">\n\t\t\t\t\t\t\t<div class=\"elementor-accordion-item\">\n\t\t\t\t\t<h5 id=\"elementor-tab-title-6651\" class=\"elementor-tab-title\" data-tab=\"1\" role=\"button\" aria-controls=\"elementor-tab-content-6651\" aria-expanded=\"false\">\n\t\t\t\t\t\t\t\t\t\t\t\t\t<span class=\"elementor-accordion-icon elementor-accordion-icon-right\" aria-hidden=\"true\">\n\t\t\t\t\t\t\t\t\t\t\t\t\t\t\t<span class=\"elementor-accordion-icon-closed\"><i class=\"fas fa-plus\"><\/i><\/span>\n\t\t\t\t\t\t\t\t<span class=\"elementor-accordion-icon-opened\"><i class=\"fas fa-minus\"><\/i><\/span>\n\t\t\t\t\t\t\t\t\t\t\t\t\t\t<\/span>\n\t\t\t\t\t\t\t\t\t\t\t\t<a class=\"elementor-accordion-title\" tabindex=\"0\">\u00bfInventore Veritatis Et Quasi Architecto Beatae Vitae?<\/a>\n\t\t\t\t\t<\/h5>\n\t\t\t\t\t<div id=\"elementor-tab-content-6651\" class=\"elementor-tab-content elementor-clearfix\" data-tab=\"1\" role=\"region\" aria-labelledby=\"elementor-tab-title-6651\">Sed ut perspiciatis unde omnis iste natus error sit voluptatem accusantium doloremque laudantium, totam rem aperiam, eaque ipsa quae ab illo inventore veritatis et quasi architecto beatae vitae dicta sunt explicabo. Nemo enim ipsam voluptatem quia voluptas sit aspernatur aut odit aut fugit.<\/div>\n\t\t\t\t<\/div>\n\t\t\t\t\t\t\t<div class=\"elementor-accordion-item\">\n\t\t\t\t\t<h5 id=\"elementor-tab-title-6652\" class=\"elementor-tab-title\" data-tab=\"2\" role=\"button\" aria-controls=\"elementor-tab-content-6652\" aria-expanded=\"false\">\n\t\t\t\t\t\t\t\t\t\t\t\t\t<span class=\"elementor-accordion-icon elementor-accordion-icon-right\" aria-hidden=\"true\">\n\t\t\t\t\t\t\t\t\t\t\t\t\t\t\t<span class=\"elementor-accordion-icon-closed\"><i class=\"fas fa-plus\"><\/i><\/span>\n\t\t\t\t\t\t\t\t<span class=\"elementor-accordion-icon-opened\"><i class=\"fas fa-minus\"><\/i><\/span>\n\t\t\t\t\t\t\t\t\t\t\t\t\t\t<\/span>\n\t\t\t\t\t\t\t\t\t\t\t\t<a class=\"elementor-accordion-title\" tabindex=\"0\">Consequ Untur Magni Dolores Eos Voluptatem Sequin?<\/a>\n\t\t\t\t\t<\/h5>\n\t\t\t\t\t<div id=\"elementor-tab-content-6652\" class=\"elementor-tab-content elementor-clearfix\" data-tab=\"2\" role=\"region\" aria-labelledby=\"elementor-tab-title-6652\">Sed ut perspiciatis unde omnis iste natus error sit voluptatem accusantium doloremque laudantium, totam rem aperiam, eaque ipsa quae ab illo inventore veritatis et quasi architecto beatae vitae dicta sunt explicabo. Nemo enim ipsam voluptatem quia voluptas sit aspernatur aut odit aut fugit.<\/div>\n\t\t\t\t<\/div>\n\t\t\t\t\t\t\t<div class=\"elementor-accordion-item\">\n\t\t\t\t\t<h5 id=\"elementor-tab-title-6653\" class=\"elementor-tab-title\" data-tab=\"3\" role=\"button\" aria-controls=\"elementor-tab-content-6653\" aria-expanded=\"false\">\n\t\t\t\t\t\t\t\t\t\t\t\t\t<span class=\"elementor-accordion-icon elementor-accordion-icon-right\" aria-hidden=\"true\">\n\t\t\t\t\t\t\t\t\t\t\t\t\t\t\t<span class=\"elementor-accordion-icon-closed\"><i class=\"fas fa-plus\"><\/i><\/span>\n\t\t\t\t\t\t\t\t<span class=\"elementor-accordion-icon-opened\"><i class=\"fas fa-minus\"><\/i><\/span>\n\t\t\t\t\t\t\t\t\t\t\t\t\t\t<\/span>\n\t\t\t\t\t\t\t\t\t\t\t\t<a class=\"elementor-accordion-title\" tabindex=\"0\">\u00bfInventore Veritatis Et Quasi Architecto Beatae Vitae?<\/a>\n\t\t\t\t\t<\/h5>\n\t\t\t\t\t<div id=\"elementor-tab-content-6653\" class=\"elementor-tab-content elementor-clearfix\" data-tab=\"3\" role=\"region\" aria-labelledby=\"elementor-tab-title-6653\"><p>Sed ut perspiciatis unde omnis iste natus error sit voluptatem accusantium doloremque laudantium, totam rem aperiam, eaque ipsa quae ab illo inventore veritatis et quasi architecto beatae vitae dicta sunt explicabo. Nemo enim ipsam voluptatem quia voluptas sit aspernatur aut odit aut fugit.<\/p><\/div>\n\t\t\t\t<\/div>\n\t\t\t\t\t\t\t<div class=\"elementor-accordion-item\">\n\t\t\t\t\t<h5 id=\"elementor-tab-title-6654\" class=\"elementor-tab-title\" data-tab=\"4\" role=\"button\" aria-controls=\"elementor-tab-content-6654\" aria-expanded=\"false\">\n\t\t\t\t\t\t\t\t\t\t\t\t\t<span class=\"elementor-accordion-icon elementor-accordion-icon-right\" aria-hidden=\"true\">\n\t\t\t\t\t\t\t\t\t\t\t\t\t\t\t<span class=\"elementor-accordion-icon-closed\"><i class=\"fas fa-plus\"><\/i><\/span>\n\t\t\t\t\t\t\t\t<span class=\"elementor-accordion-icon-opened\"><i class=\"fas fa-minus\"><\/i><\/span>\n\t\t\t\t\t\t\t\t\t\t\t\t\t\t<\/span>\n\t\t\t\t\t\t\t\t\t\t\t\t<a class=\"elementor-accordion-title\" tabindex=\"0\">Consequ Untur Magni Dolores Eos Voluptatem Sequin?<\/a>\n\t\t\t\t\t<\/h5>\n\t\t\t\t\t<div id=\"elementor-tab-content-6654\" class=\"elementor-tab-content elementor-clearfix\" data-tab=\"4\" role=\"region\" aria-labelledby=\"elementor-tab-title-6654\"><p>Sed ut perspiciatis unde omnis iste natus error sit voluptatem accusantium doloremque laudantium, totam rem aperiam, eaque ipsa quae ab illo inventore veritatis et quasi architecto beatae vitae dicta sunt explicabo. Nemo enim ipsam voluptatem quia voluptas sit aspernatur aut odit aut fugit.<\/p><\/div>\n\t\t\t\t<\/div>\n\t\t\t\t\t\t\t\t<\/div>\n\t\t\t\t\t\t<\/div>\n\t\t\t\t<\/div>\n\t\t\t\t\t<\/div>\n\t\t<\/div>\n\t\t\t\t\t<\/div>\n\t\t<\/section>\n\t\t\t\t<\/div>","protected":false},"excerpt":{"rendered":"<p>D\u00e9monstration Retrouvez ici notre vid\u00e9o de d\u00e9monstration de logyconcept3D\u00a0&amp; prenez rendez-vous avec un conseiller pour une d\u00e9mo personnalis\u00e9e ou pour poser vos questions !\u00a0 https:\/\/youtu.be\/IcvpgvLQ8RA Envie d&rsquo;en savoir plus ? \ud83d\udc49 D\u00e9couvrez notre vid\u00e9o d\u00e9mo [&hellip;]<\/p>\n","protected":false},"author":4,"featured_media":0,"parent":0,"menu_order":0,"comment_status":"closed","ping_status":"closed","template":"","meta":{"site-sidebar-layout":"no-sidebar","site-content-layout":"page-builder","ast-site-content-layout":"default","site-content-style":"default","site-sidebar-style":"default","ast-global-header-display":"","ast-banner-title-visibility":"","ast-main-header-display":"","ast-hfb-above-header-display":"","ast-hfb-below-header-display":"","ast-hfb-mobile-header-display":"","site-post-title":"disabled","ast-breadcrumbs-content":"","ast-featured-img":"disabled","footer-sml-layout":"","ast-disable-related-posts":"","theme-transparent-header-meta":"enabled","adv-header-id-meta":"","stick-header-meta":"","header-above-stick-meta":"","header-main-stick-meta":"","header-below-stick-meta":"","astra-migrate-meta-layouts":"default","ast-page-background-enabled":"default","ast-page-background-meta":{"desktop":{"background-color":"","background-image":"","background-repeat":"repeat","background-position":"center center","background-size":"auto","background-attachment":"scroll","background-type":"","background-media":"","overlay-type":"","overlay-color":"","overlay-opacity":"","overlay-gradient":""},"tablet":{"background-color":"","background-image":"","background-repeat":"repeat","background-position":"center center","background-size":"auto","background-attachment":"scroll","background-type":"","background-media":"","overlay-type":"","overlay-color":"","overlay-opacity":"","overlay-gradient":""},"mobile":{"background-color":"","background-image":"","background-repeat":"repeat","background-position":"center center","background-size":"auto","background-attachment":"scroll","background-type":"","background-media":"","overlay-type":"","overlay-color":"","overlay-opacity":"","overlay-gradient":""}},"ast-content-background-meta":{"desktop":{"background-color":"var(--ast-global-color-5)","background-image":"","background-repeat":"repeat","background-position":"center center","background-size":"auto","background-attachment":"scroll","background-type":"","background-media":"","overlay-type":"","overlay-color":"","overlay-opacity":"","overlay-gradient":""},"tablet":{"background-color":"var(--ast-global-color-5)","background-image":"","background-repeat":"repeat","background-position":"center center","background-size":"auto","background-attachment":"scroll","background-type":"","background-media":"","overlay-type":"","overlay-color":"","overlay-opacity":"","overlay-gradient":""},"mobile":{"background-color":"var(--ast-global-color-5)","background-image":"","background-repeat":"repeat","background-position":"center center","background-size":"auto","background-attachment":"scroll","background-type":"","background-media":"","overlay-type":"","overlay-color":"","overlay-opacity":"","overlay-gradient":""}},"footnotes":""},"class_list":["post-1559","page","type-page","status-publish","hentry"],"yoast_head":"<!-- This site is optimized with the Yoast SEO plugin v27.3 - https:\/\/yoast.com\/product\/yoast-seo-wordpress\/ -->\n<title>D\u00e9monstration - Logyline<\/title>\n<meta name=\"description\" content=\"Si vous souhaitez une d\u00e9monstration personnalis\u00e9e de Logyconcept3D ou Logydraw, prenez rendez-vous ci-dessous avec l\u2019un de nos conseillers\" \/>\n<meta name=\"robots\" content=\"index, follow, max-snippet:-1, max-image-preview:large, max-video-preview:-1\" \/>\n<link rel=\"canonical\" href=\"https:\/\/logyline.com\/es\/demonstration\/\" \/>\n<meta property=\"og:locale\" content=\"es_ES\" \/>\n<meta property=\"og:type\" content=\"article\" \/>\n<meta property=\"og:title\" content=\"D\u00e9monstration - Logyline\" \/>\n<meta property=\"og:description\" content=\"Si vous souhaitez une d\u00e9monstration personnalis\u00e9e de Logyconcept3D ou Logydraw, prenez rendez-vous ci-dessous avec l\u2019un de nos conseillers\" \/>\n<meta property=\"og:url\" content=\"https:\/\/logyline.com\/es\/demonstration\/\" \/>\n<meta property=\"og:site_name\" content=\"Logyline\" \/>\n<meta property=\"article:publisher\" content=\"https:\/\/www.facebook.com\/logyline\/\" \/>\n<meta property=\"article:modified_time\" content=\"2025-11-19T10:38:25+00:00\" \/>\n<meta name=\"twitter:card\" content=\"summary_large_image\" \/>\n<meta name=\"twitter:label1\" content=\"Tiempo de lectura\" \/>\n\t<meta name=\"twitter:data1\" content=\"2 minutos\" \/>\n<script type=\"application\/ld+json\" class=\"yoast-schema-graph\">{\"@context\":\"https:\\\/\\\/schema.org\",\"@graph\":[{\"@type\":\"WebPage\",\"@id\":\"https:\\\/\\\/logyline.com\\\/demonstration\\\/\",\"url\":\"https:\\\/\\\/logyline.com\\\/demonstration\\\/\",\"name\":\"D\u00e9monstration - Logyline\",\"isPartOf\":{\"@id\":\"https:\\\/\\\/logyline.com\\\/#website\"},\"datePublished\":\"2023-06-26T09:18:12+00:00\",\"dateModified\":\"2025-11-19T10:38:25+00:00\",\"description\":\"Si vous souhaitez une d\u00e9monstration personnalis\u00e9e de Logyconcept3D ou Logydraw, prenez rendez-vous ci-dessous avec l\u2019un de nos conseillers\",\"breadcrumb\":{\"@id\":\"https:\\\/\\\/logyline.com\\\/demonstration\\\/#breadcrumb\"},\"inLanguage\":\"es\",\"potentialAction\":[{\"@type\":\"ReadAction\",\"target\":[\"https:\\\/\\\/logyline.com\\\/demonstration\\\/\"]}]},{\"@type\":\"BreadcrumbList\",\"@id\":\"https:\\\/\\\/logyline.com\\\/demonstration\\\/#breadcrumb\",\"itemListElement\":[{\"@type\":\"ListItem\",\"position\":1,\"name\":\"Home\",\"item\":\"https:\\\/\\\/logyline.com\\\/\"},{\"@type\":\"ListItem\",\"position\":2,\"name\":\"D\u00e9monstration\"}]},{\"@type\":\"WebSite\",\"@id\":\"https:\\\/\\\/logyline.com\\\/#website\",\"url\":\"https:\\\/\\\/logyline.com\\\/\",\"name\":\"Logyline\",\"description\":\"Pour une nouvelle dimension\",\"publisher\":{\"@id\":\"https:\\\/\\\/logyline.com\\\/#organization\"},\"potentialAction\":[{\"@type\":\"SearchAction\",\"target\":{\"@type\":\"EntryPoint\",\"urlTemplate\":\"https:\\\/\\\/logyline.com\\\/?s={search_term_string}\"},\"query-input\":{\"@type\":\"PropertyValueSpecification\",\"valueRequired\":true,\"valueName\":\"search_term_string\"}}],\"inLanguage\":\"es\"},{\"@type\":\"Organization\",\"@id\":\"https:\\\/\\\/logyline.com\\\/#organization\",\"name\":\"Logyline\",\"url\":\"https:\\\/\\\/logyline.com\\\/\",\"logo\":{\"@type\":\"ImageObject\",\"inLanguage\":\"es\",\"@id\":\"https:\\\/\\\/logyline.com\\\/#\\\/schema\\\/logo\\\/image\\\/\",\"url\":\"https:\\\/\\\/logyline.com\\\/wp-content\\\/uploads\\\/2023\\\/06\\\/cropped-LOGO-LOGYLINE-2021-RVB.png\",\"contentUrl\":\"https:\\\/\\\/logyline.com\\\/wp-content\\\/uploads\\\/2023\\\/06\\\/cropped-LOGO-LOGYLINE-2021-RVB.png\",\"width\":1087,\"height\":628,\"caption\":\"Logyline\"},\"image\":{\"@id\":\"https:\\\/\\\/logyline.com\\\/#\\\/schema\\\/logo\\\/image\\\/\"},\"sameAs\":[\"https:\\\/\\\/www.facebook.com\\\/logyline\\\/\",\"https:\\\/\\\/www.instagram.com\\\/logyline_software\\\/?hl=fr\",\"https:\\\/\\\/www.linkedin.com\\\/company\\\/logyline\\\/\",\"https:\\\/\\\/www.youtube.com\\\/channel\\\/UC_TB3XwfR6nRnjFDEbh3Ewg\"]}]}<\/script>\n<!-- \/ Yoast SEO plugin. -->","yoast_head_json":{"title":"Demostraci\u00f3n - Logyline","description":"Si desea una demostraci\u00f3n personalizada de Logyconcept3D o Logydraw, concierte una cita a continuaci\u00f3n con uno de nuestros asesores","robots":{"index":"index","follow":"follow","max-snippet":"max-snippet:-1","max-image-preview":"max-image-preview:large","max-video-preview":"max-video-preview:-1"},"canonical":"https:\/\/logyline.com\/es\/demonstration\/","og_locale":"es_ES","og_type":"article","og_title":"D\u00e9monstration - Logyline","og_description":"Si vous souhaitez une d\u00e9monstration personnalis\u00e9e de Logyconcept3D ou Logydraw, prenez rendez-vous ci-dessous avec l\u2019un de nos conseillers","og_url":"https:\/\/logyline.com\/es\/demonstration\/","og_site_name":"Logyline","article_publisher":"https:\/\/www.facebook.com\/logyline\/","article_modified_time":"2025-11-19T10:38:25+00:00","twitter_card":"summary_large_image","twitter_misc":{"Tiempo de lectura":"2 minutos"},"schema":{"@context":"https:\/\/schema.org","@graph":[{"@type":"WebPage","@id":"https:\/\/logyline.com\/demonstration\/","url":"https:\/\/logyline.com\/demonstration\/","name":"Demostraci\u00f3n - Logyline","isPartOf":{"@id":"https:\/\/logyline.com\/#website"},"datePublished":"2023-06-26T09:18:12+00:00","dateModified":"2025-11-19T10:38:25+00:00","description":"Si desea una demostraci\u00f3n personalizada de Logyconcept3D o Logydraw, concierte una cita a continuaci\u00f3n con uno de nuestros asesores","breadcrumb":{"@id":"https:\/\/logyline.com\/demonstration\/#breadcrumb"},"inLanguage":"es","potentialAction":[{"@type":"ReadAction","target":["https:\/\/logyline.com\/demonstration\/"]}]},{"@type":"BreadcrumbList","@id":"https:\/\/logyline.com\/demonstration\/#breadcrumb","itemListElement":[{"@type":"ListItem","position":1,"name":"Home","item":"https:\/\/logyline.com\/"},{"@type":"ListItem","position":2,"name":"D\u00e9monstration"}]},{"@type":"WebSite","@id":"https:\/\/logyline.com\/#website","url":"https:\/\/logyline.com\/","name":"Logyline","description":"Para una nueva dimensi\u00f3n","publisher":{"@id":"https:\/\/logyline.com\/#organization"},"potentialAction":[{"@type":"SearchAction","target":{"@type":"EntryPoint","urlTemplate":"https:\/\/logyline.com\/?s={search_term_string}"},"query-input":{"@type":"PropertyValueSpecification","valueRequired":true,"valueName":"search_term_string"}}],"inLanguage":"es"},{"@type":"Organization","@id":"https:\/\/logyline.com\/#organization","name":"Logyline","url":"https:\/\/logyline.com\/","logo":{"@type":"ImageObject","inLanguage":"es","@id":"https:\/\/logyline.com\/#\/schema\/logo\/image\/","url":"https:\/\/logyline.com\/wp-content\/uploads\/2023\/06\/cropped-LOGO-LOGYLINE-2021-RVB.png","contentUrl":"https:\/\/logyline.com\/wp-content\/uploads\/2023\/06\/cropped-LOGO-LOGYLINE-2021-RVB.png","width":1087,"height":628,"caption":"Logyline"},"image":{"@id":"https:\/\/logyline.com\/#\/schema\/logo\/image\/"},"sameAs":["https:\/\/www.facebook.com\/logyline\/","https:\/\/www.instagram.com\/logyline_software\/?hl=fr","https:\/\/www.linkedin.com\/company\/logyline\/","https:\/\/www.youtube.com\/channel\/UC_TB3XwfR6nRnjFDEbh3Ewg"]}]}},"_links":{"self":[{"href":"https:\/\/logyline.com\/es\/wp-json\/wp\/v2\/pages\/1559","targetHints":{"allow":["GET"]}}],"collection":[{"href":"https:\/\/logyline.com\/es\/wp-json\/wp\/v2\/pages"}],"about":[{"href":"https:\/\/logyline.com\/es\/wp-json\/wp\/v2\/types\/page"}],"author":[{"embeddable":true,"href":"https:\/\/logyline.com\/es\/wp-json\/wp\/v2\/users\/4"}],"replies":[{"embeddable":true,"href":"https:\/\/logyline.com\/es\/wp-json\/wp\/v2\/comments?post=1559"}],"version-history":[{"count":182,"href":"https:\/\/logyline.com\/es\/wp-json\/wp\/v2\/pages\/1559\/revisions"}],"predecessor-version":[{"id":10436,"href":"https:\/\/logyline.com\/es\/wp-json\/wp\/v2\/pages\/1559\/revisions\/10436"}],"wp:attachment":[{"href":"https:\/\/logyline.com\/es\/wp-json\/wp\/v2\/media?parent=1559"}],"curies":[{"name":"wp","href":"https:\/\/api.w.org\/{rel}","templated":true}]}}