{"id":8510,"date":"2024-09-20T09:11:25","date_gmt":"2024-09-20T09:11:25","guid":{"rendered":"https:\/\/logyline.com\/?page_id=8510"},"modified":"2024-09-24T07:45:16","modified_gmt":"2024-09-24T07:45:16","slug":"mentions-legales","status":"publish","type":"page","link":"https:\/\/logyline.com\/it\/mentions-legales\/","title":{"rendered":"Informazioni legali"},"content":{"rendered":"<div data-elementor-type=\"wp-post\" data-elementor-id=\"8510\" class=\"elementor elementor-8510\">\n\t\t\t\t\t\t<section class=\"elementor-section elementor-top-section elementor-element elementor-element-90a5f3e elementor-section-boxed elementor-section-height-default elementor-section-height-default\" data-id=\"90a5f3e\" data-element_type=\"section\" data-e-type=\"section\" data-settings=\"{&quot;background_background&quot;:&quot;classic&quot;}\">\n\t\t\t\t\t\t<div class=\"elementor-container elementor-column-gap-no\">\n\t\t\t\t\t<div class=\"elementor-column elementor-col-100 elementor-top-column elementor-element elementor-element-ec63c2c\" data-id=\"ec63c2c\" data-element_type=\"column\" data-e-type=\"column\">\n\t\t\t<div class=\"elementor-widget-wrap elementor-element-populated\">\n\t\t\t\t\t\t<div class=\"elementor-element elementor-element-8d137de elementor-invisible elementor-widget elementor-widget-heading\" data-id=\"8d137de\" data-element_type=\"widget\" data-e-type=\"widget\" data-settings=\"{&quot;_animation&quot;:&quot;fadeIn&quot;}\" data-widget_type=\"heading.default\">\n\t\t\t\t<div class=\"elementor-widget-container\">\n\t\t\t\t\t<h2 class=\"elementor-heading-title elementor-size-default\">Informazioni legali<\/h2>\t\t\t\t<\/div>\n\t\t\t\t<\/div>\n\t\t\t\t<div class=\"elementor-element elementor-element-7917b43 elementor-widget elementor-widget-text-editor\" data-id=\"7917b43\" data-element_type=\"widget\" data-e-type=\"widget\" data-widget_type=\"text-editor.default\">\n\t\t\t\t<div class=\"elementor-widget-container\">\n\t\t\t\t\t\t\t\t\t<p style=\"text-align: left;\">In conformit\u00e0 alle disposizioni degli articoli 6-III e 19 della legge n. 2004-575 del 21 giugno 2004 sulla fiducia nell'economia digitale, nota come L.C.E.N., gli utenti e i visitatori del sito sono informati che <a href=\"https:\/\/logyline.com\/it\/\" target=\"_new\" rel=\"noopener\">www.logyline.com<\/a> questa nota legale.<\/p><h4 style=\"text-align: left;\"><strong>Editore del sito<\/strong><\/h4><p style=\"text-align: left;\">Il sito web <a href=\"https:\/\/logyline.com\/it\/\" target=\"_new\" rel=\"noopener\">www.logyline.com<\/a> \u00e8 pubblicato da :<\/p><ul style=\"text-align: left;\"><li><strong>Nome della societ\u00e0<\/strong> : LOGYLINE<\/li><li><strong>Forma giuridica<\/strong> Societ\u00e0 per azioni semplificata (SAS)<\/li><li><strong>Sede centrale<\/strong> 6 rue Joule, 33700 M\u00e9rignac, Francia<\/li><li><strong>SIRET<\/strong> : 48990296500032<\/li><li><strong>Telefono<\/strong> : +33 (0)5 57 02 09 32<\/li><li><strong>Indirizzo e-mail<\/strong> : <a rel=\"noopener\">contact@logyline.com<\/a><\/li><li><strong>Direttore editoriale<\/strong> Th\u00e9ophane LANGLAIS<\/li><\/ul><h4 style=\"text-align: left;\"><strong>Hosting del sito web<\/strong><\/h4><p style=\"text-align: left;\">Il sito web <a href=\"https:\/\/logyline.com\/it\/\" target=\"_new\" rel=\"noopener\">www.logyline.com<\/a> \u00e8 ospitato da :<\/p><ul style=\"text-align: left;\"><li><strong>Nome host<\/strong> : OVH<\/li><li><strong>Indirizzo dell'host<\/strong> 2 rue Kellermann, 59100 Roubaix, Francia<\/li><li><strong>Telefono<\/strong> : +33 (0)9 72 10 10 07<\/li><\/ul><h4 style=\"text-align: left;\"><strong>Propriet\u00e0 intellettuale e contraffazione<\/strong><\/h4><p style=\"text-align: left;\">LOGYLINE \u00e8 titolare dei diritti di propriet\u00e0 intellettuale o detiene i diritti di utilizzo di tutti gli elementi accessibili sul sito, in particolare testi, immagini, grafici, loghi, icone, suoni e software.<\/p><p style=\"text-align: left;\">\u00c8 vietata la riproduzione, la rappresentazione, la modifica, la pubblicazione, l'adattamento di tutti o parte degli elementi del sito, qualunque sia il mezzo o il processo utilizzato, salvo previa autorizzazione scritta di LOGYLINE.<\/p><h4 style=\"text-align: left;\"><strong>Limitazione di responsabilit\u00e0<\/strong><\/h4><p style=\"text-align: left;\">LOGYLINE non pu\u00f2 essere ritenuta responsabile di eventuali danni diretti o indiretti causati alle apparecchiature dell'utente durante l'accesso al sito. <a href=\"https:\/\/logyline.com\/it\/\" target=\"_new\" rel=\"noopener\">www.logyline.com<\/a>Ci\u00f2 pu\u00f2 derivare sia dall'utilizzo di un'apparecchiatura non conforme alle specifiche indicate al punto precedente, sia dalla comparsa di un bug o di un'incompatibilit\u00e0.<\/p><p style=\"text-align: left;\">LOGYLINE non pu\u00f2 essere ritenuta responsabile per danni indiretti (come la perdita di mercato o di opportunit\u00e0) derivanti dall'uso del sito. <a href=\"https:\/\/logyline.com\/it\/\" target=\"_new\" rel=\"noopener\">www.logyline.com<\/a>.<\/p><h4 style=\"text-align: left;\"><strong>Dati personali<\/strong><\/h4><p style=\"text-align: left;\">In Francia, i dati personali sono protetti dalla legge n. 78-87 del 6 gennaio 1978, dalla legge n. 2004-801 del 6 agosto 2004, dall'articolo L.226-13 del Codice penale e dal Regolamento generale sulla protezione dei dati (RGPD: n. 2016-679).<\/p><p style=\"text-align: left;\">Utilizzando l'opzione <a href=\"https:\/\/logyline.com\/it\/\" target=\"_new\" rel=\"noopener\">www.logyline.com<\/a>Registrandosi sul nostro sito web, gli utenti acconsentono alla raccolta e al trattamento dei loro dati personali. Per ulteriori informazioni, consultare il nostro <a href=\"https:\/\/logyline.com\/it\/cgv-et-politique-de-confidentialite\/\" rel=\"noopener\">Informativa sulla privacy<\/a>.<\/p><h4 style=\"text-align: left;\"><strong>Biscotti<\/strong><\/h4><p style=\"text-align: left;\">Il sito web <a href=\"https:\/\/logyline.com\/it\/\" target=\"_new\" rel=\"noopener\">www.logyline.com<\/a> pu\u00f2 chiedere all'utente di accettare i cookie a fini statistici e di visualizzazione. Un cookie \u00e8 un'informazione inserita nel disco rigido dell'utente dal server del sito che sta visitando.<\/p>\t\t\t\t\t\t\t\t<\/div>\n\t\t\t\t<\/div>\n\t\t\t\t\t<\/div>\n\t\t<\/div>\n\t\t\t\t\t<\/div>\n\t\t<\/section>\n\t\t\t\t<\/div>","protected":false},"excerpt":{"rendered":"<p>Mentions l\u00e9gales Conform\u00e9ment aux dispositions des articles 6-III et 19 de la Loi n\u00b02004-575 du 21 juin 2004 pour la Confiance dans l&rsquo;\u00c9conomie Num\u00e9rique, dite L.C.E.N., il est port\u00e9 \u00e0 la connaissance des utilisateurs et [&hellip;]<\/p>\n","protected":false},"author":4,"featured_media":0,"parent":0,"menu_order":0,"comment_status":"closed","ping_status":"closed","template":"","meta":{"site-sidebar-layout":"no-sidebar","site-content-layout":"page-builder","ast-site-content-layout":"default","site-content-style":"default","site-sidebar-style":"default","ast-global-header-display":"","ast-banner-title-visibility":"","ast-main-header-display":"","ast-hfb-above-header-display":"","ast-hfb-below-header-display":"","ast-hfb-mobile-header-display":"","site-post-title":"disabled","ast-breadcrumbs-content":"","ast-featured-img":"disabled","footer-sml-layout":"","ast-disable-related-posts":"","theme-transparent-header-meta":"enabled","adv-header-id-meta":"","stick-header-meta":"","header-above-stick-meta":"","header-main-stick-meta":"","header-below-stick-meta":"","astra-migrate-meta-layouts":"default","ast-page-background-enabled":"default","ast-page-background-meta":{"desktop":{"background-color":"","background-image":"","background-repeat":"repeat","background-position":"center center","background-size":"auto","background-attachment":"scroll","background-type":"","background-media":"","overlay-type":"","overlay-color":"","overlay-opacity":"","overlay-gradient":""},"tablet":{"background-color":"","background-image":"","background-repeat":"repeat","background-position":"center center","background-size":"auto","background-attachment":"scroll","background-type":"","background-media":"","overlay-type":"","overlay-color":"","overlay-opacity":"","overlay-gradient":""},"mobile":{"background-color":"","background-image":"","background-repeat":"repeat","background-position":"center center","background-size":"auto","background-attachment":"scroll","background-type":"","background-media":"","overlay-type":"","overlay-color":"","overlay-opacity":"","overlay-gradient":""}},"ast-content-background-meta":{"desktop":{"background-color":"var(--ast-global-color-5)","background-image":"","background-repeat":"repeat","background-position":"center center","background-size":"auto","background-attachment":"scroll","background-type":"","background-media":"","overlay-type":"","overlay-color":"","overlay-opacity":"","overlay-gradient":""},"tablet":{"background-color":"var(--ast-global-color-5)","background-image":"","background-repeat":"repeat","background-position":"center center","background-size":"auto","background-attachment":"scroll","background-type":"","background-media":"","overlay-type":"","overlay-color":"","overlay-opacity":"","overlay-gradient":""},"mobile":{"background-color":"var(--ast-global-color-5)","background-image":"","background-repeat":"repeat","background-position":"center center","background-size":"auto","background-attachment":"scroll","background-type":"","background-media":"","overlay-type":"","overlay-color":"","overlay-opacity":"","overlay-gradient":""}},"footnotes":""},"class_list":["post-8510","page","type-page","status-publish","hentry"],"yoast_head":"<!-- This site is optimized with the Yoast SEO plugin v27.3 - https:\/\/yoast.com\/product\/yoast-seo-wordpress\/ -->\n<title>Mentions l\u00e9gales - Logyline<\/title>\n<meta name=\"robots\" content=\"index, follow, max-snippet:-1, max-image-preview:large, max-video-preview:-1\" \/>\n<link rel=\"canonical\" href=\"https:\/\/logyline.com\/it\/mentions-legales\/\" \/>\n<meta property=\"og:locale\" content=\"it_IT\" \/>\n<meta property=\"og:type\" content=\"article\" \/>\n<meta property=\"og:title\" content=\"Mentions l\u00e9gales - Logyline\" \/>\n<meta property=\"og:description\" content=\"Mentions l\u00e9gales Conform\u00e9ment aux dispositions des articles 6-III et 19 de la Loi n\u00b02004-575 du 21 juin 2004 pour la Confiance dans l&rsquo;\u00c9conomie Num\u00e9rique, dite L.C.E.N., il est port\u00e9 \u00e0 la connaissance des utilisateurs et [&hellip;]\" \/>\n<meta property=\"og:url\" content=\"https:\/\/logyline.com\/it\/mentions-legales\/\" \/>\n<meta property=\"og:site_name\" content=\"Logyline\" \/>\n<meta property=\"article:publisher\" content=\"https:\/\/www.facebook.com\/logyline\/\" \/>\n<meta property=\"article:modified_time\" content=\"2024-09-24T07:45:16+00:00\" \/>\n<meta name=\"twitter:card\" content=\"summary_large_image\" \/>\n<meta name=\"twitter:label1\" content=\"Tempo di lettura stimato\" \/>\n\t<meta name=\"twitter:data1\" content=\"2 minuti\" \/>\n<script type=\"application\/ld+json\" class=\"yoast-schema-graph\">{\"@context\":\"https:\\\/\\\/schema.org\",\"@graph\":[{\"@type\":\"WebPage\",\"@id\":\"https:\\\/\\\/logyline.com\\\/mentions-legales\\\/\",\"url\":\"https:\\\/\\\/logyline.com\\\/mentions-legales\\\/\",\"name\":\"Mentions l\u00e9gales - Logyline\",\"isPartOf\":{\"@id\":\"https:\\\/\\\/logyline.com\\\/#website\"},\"datePublished\":\"2024-09-20T09:11:25+00:00\",\"dateModified\":\"2024-09-24T07:45:16+00:00\",\"breadcrumb\":{\"@id\":\"https:\\\/\\\/logyline.com\\\/mentions-legales\\\/#breadcrumb\"},\"inLanguage\":\"it-IT\",\"potentialAction\":[{\"@type\":\"ReadAction\",\"target\":[\"https:\\\/\\\/logyline.com\\\/mentions-legales\\\/\"]}]},{\"@type\":\"BreadcrumbList\",\"@id\":\"https:\\\/\\\/logyline.com\\\/mentions-legales\\\/#breadcrumb\",\"itemListElement\":[{\"@type\":\"ListItem\",\"position\":1,\"name\":\"Home\",\"item\":\"https:\\\/\\\/logyline.com\\\/\"},{\"@type\":\"ListItem\",\"position\":2,\"name\":\"Mentions l\u00e9gales\"}]},{\"@type\":\"WebSite\",\"@id\":\"https:\\\/\\\/logyline.com\\\/#website\",\"url\":\"https:\\\/\\\/logyline.com\\\/\",\"name\":\"Logyline\",\"description\":\"Pour une nouvelle dimension\",\"publisher\":{\"@id\":\"https:\\\/\\\/logyline.com\\\/#organization\"},\"potentialAction\":[{\"@type\":\"SearchAction\",\"target\":{\"@type\":\"EntryPoint\",\"urlTemplate\":\"https:\\\/\\\/logyline.com\\\/?s={search_term_string}\"},\"query-input\":{\"@type\":\"PropertyValueSpecification\",\"valueRequired\":true,\"valueName\":\"search_term_string\"}}],\"inLanguage\":\"it-IT\"},{\"@type\":\"Organization\",\"@id\":\"https:\\\/\\\/logyline.com\\\/#organization\",\"name\":\"Logyline\",\"url\":\"https:\\\/\\\/logyline.com\\\/\",\"logo\":{\"@type\":\"ImageObject\",\"inLanguage\":\"it-IT\",\"@id\":\"https:\\\/\\\/logyline.com\\\/#\\\/schema\\\/logo\\\/image\\\/\",\"url\":\"https:\\\/\\\/logyline.com\\\/wp-content\\\/uploads\\\/2023\\\/06\\\/cropped-LOGO-LOGYLINE-2021-RVB.png\",\"contentUrl\":\"https:\\\/\\\/logyline.com\\\/wp-content\\\/uploads\\\/2023\\\/06\\\/cropped-LOGO-LOGYLINE-2021-RVB.png\",\"width\":1087,\"height\":628,\"caption\":\"Logyline\"},\"image\":{\"@id\":\"https:\\\/\\\/logyline.com\\\/#\\\/schema\\\/logo\\\/image\\\/\"},\"sameAs\":[\"https:\\\/\\\/www.facebook.com\\\/logyline\\\/\",\"https:\\\/\\\/www.instagram.com\\\/logyline_software\\\/?hl=fr\",\"https:\\\/\\\/www.linkedin.com\\\/company\\\/logyline\\\/\",\"https:\\\/\\\/www.youtube.com\\\/channel\\\/UC_TB3XwfR6nRnjFDEbh3Ewg\"]}]}<\/script>\n<!-- \/ Yoast SEO plugin. -->","yoast_head_json":{"title":"Informazioni legali - Logyline","robots":{"index":"index","follow":"follow","max-snippet":"max-snippet:-1","max-image-preview":"max-image-preview:large","max-video-preview":"max-video-preview:-1"},"canonical":"https:\/\/logyline.com\/it\/mentions-legales\/","og_locale":"it_IT","og_type":"article","og_title":"Mentions l\u00e9gales - Logyline","og_description":"Mentions l\u00e9gales Conform\u00e9ment aux dispositions des articles 6-III et 19 de la Loi n\u00b02004-575 du 21 juin 2004 pour la Confiance dans l&rsquo;\u00c9conomie Num\u00e9rique, dite L.C.E.N., il est port\u00e9 \u00e0 la connaissance des utilisateurs et [&hellip;]","og_url":"https:\/\/logyline.com\/it\/mentions-legales\/","og_site_name":"Logyline","article_publisher":"https:\/\/www.facebook.com\/logyline\/","article_modified_time":"2024-09-24T07:45:16+00:00","twitter_card":"summary_large_image","twitter_misc":{"Tempo di lettura stimato":"2 minuti"},"schema":{"@context":"https:\/\/schema.org","@graph":[{"@type":"WebPage","@id":"https:\/\/logyline.com\/mentions-legales\/","url":"https:\/\/logyline.com\/mentions-legales\/","name":"Informazioni legali - Logyline","isPartOf":{"@id":"https:\/\/logyline.com\/#website"},"datePublished":"2024-09-20T09:11:25+00:00","dateModified":"2024-09-24T07:45:16+00:00","breadcrumb":{"@id":"https:\/\/logyline.com\/mentions-legales\/#breadcrumb"},"inLanguage":"it-IT","potentialAction":[{"@type":"ReadAction","target":["https:\/\/logyline.com\/mentions-legales\/"]}]},{"@type":"BreadcrumbList","@id":"https:\/\/logyline.com\/mentions-legales\/#breadcrumb","itemListElement":[{"@type":"ListItem","position":1,"name":"Home","item":"https:\/\/logyline.com\/"},{"@type":"ListItem","position":2,"name":"Mentions l\u00e9gales"}]},{"@type":"WebSite","@id":"https:\/\/logyline.com\/#website","url":"https:\/\/logyline.com\/","name":"Logyline","description":"Per una nuova dimensione","publisher":{"@id":"https:\/\/logyline.com\/#organization"},"potentialAction":[{"@type":"SearchAction","target":{"@type":"EntryPoint","urlTemplate":"https:\/\/logyline.com\/?s={search_term_string}"},"query-input":{"@type":"PropertyValueSpecification","valueRequired":true,"valueName":"search_term_string"}}],"inLanguage":"it-IT"},{"@type":"Organization","@id":"https:\/\/logyline.com\/#organization","name":"Logyline","url":"https:\/\/logyline.com\/","logo":{"@type":"ImageObject","inLanguage":"it-IT","@id":"https:\/\/logyline.com\/#\/schema\/logo\/image\/","url":"https:\/\/logyline.com\/wp-content\/uploads\/2023\/06\/cropped-LOGO-LOGYLINE-2021-RVB.png","contentUrl":"https:\/\/logyline.com\/wp-content\/uploads\/2023\/06\/cropped-LOGO-LOGYLINE-2021-RVB.png","width":1087,"height":628,"caption":"Logyline"},"image":{"@id":"https:\/\/logyline.com\/#\/schema\/logo\/image\/"},"sameAs":["https:\/\/www.facebook.com\/logyline\/","https:\/\/www.instagram.com\/logyline_software\/?hl=fr","https:\/\/www.linkedin.com\/company\/logyline\/","https:\/\/www.youtube.com\/channel\/UC_TB3XwfR6nRnjFDEbh3Ewg"]}]}},"_links":{"self":[{"href":"https:\/\/logyline.com\/it\/wp-json\/wp\/v2\/pages\/8510","targetHints":{"allow":["GET"]}}],"collection":[{"href":"https:\/\/logyline.com\/it\/wp-json\/wp\/v2\/pages"}],"about":[{"href":"https:\/\/logyline.com\/it\/wp-json\/wp\/v2\/types\/page"}],"author":[{"embeddable":true,"href":"https:\/\/logyline.com\/it\/wp-json\/wp\/v2\/users\/4"}],"replies":[{"embeddable":true,"href":"https:\/\/logyline.com\/it\/wp-json\/wp\/v2\/comments?post=8510"}],"version-history":[{"count":16,"href":"https:\/\/logyline.com\/it\/wp-json\/wp\/v2\/pages\/8510\/revisions"}],"predecessor-version":[{"id":8543,"href":"https:\/\/logyline.com\/it\/wp-json\/wp\/v2\/pages\/8510\/revisions\/8543"}],"wp:attachment":[{"href":"https:\/\/logyline.com\/it\/wp-json\/wp\/v2\/media?parent=8510"}],"curies":[{"name":"wp","href":"https:\/\/api.w.org\/{rel}","templated":true}]}}