{"id":8510,"date":"2024-09-20T09:11:25","date_gmt":"2024-09-20T09:11:25","guid":{"rendered":"https:\/\/logyline.com\/?page_id=8510"},"modified":"2024-09-24T07:45:16","modified_gmt":"2024-09-24T07:45:16","slug":"mentions-legales","status":"publish","type":"page","link":"https:\/\/logyline.com\/pt\/mentions-legales\/","title":{"rendered":"Informa\u00e7\u00e3o jur\u00eddica"},"content":{"rendered":"<div data-elementor-type=\"wp-post\" data-elementor-id=\"8510\" class=\"elementor elementor-8510\">\n\t\t\t\t\t\t<section class=\"elementor-section elementor-top-section elementor-element elementor-element-90a5f3e elementor-section-boxed elementor-section-height-default elementor-section-height-default\" data-id=\"90a5f3e\" data-element_type=\"section\" data-e-type=\"section\" data-settings=\"{&quot;background_background&quot;:&quot;classic&quot;}\">\n\t\t\t\t\t\t<div class=\"elementor-container elementor-column-gap-no\">\n\t\t\t\t\t<div class=\"elementor-column elementor-col-100 elementor-top-column elementor-element elementor-element-ec63c2c\" data-id=\"ec63c2c\" data-element_type=\"column\" data-e-type=\"column\">\n\t\t\t<div class=\"elementor-widget-wrap elementor-element-populated\">\n\t\t\t\t\t\t<div class=\"elementor-element elementor-element-8d137de elementor-invisible elementor-widget elementor-widget-heading\" data-id=\"8d137de\" data-element_type=\"widget\" data-e-type=\"widget\" data-settings=\"{&quot;_animation&quot;:&quot;fadeIn&quot;}\" data-widget_type=\"heading.default\">\n\t\t\t\t<div class=\"elementor-widget-container\">\n\t\t\t\t\t<h2 class=\"elementor-heading-title elementor-size-default\">Informa\u00e7\u00e3o jur\u00eddica<\/h2>\t\t\t\t<\/div>\n\t\t\t\t<\/div>\n\t\t\t\t<div class=\"elementor-element elementor-element-7917b43 elementor-widget elementor-widget-text-editor\" data-id=\"7917b43\" data-element_type=\"widget\" data-e-type=\"widget\" data-widget_type=\"text-editor.default\">\n\t\t\t\t<div class=\"elementor-widget-container\">\n\t\t\t\t\t\t\t\t\t<p style=\"text-align: left;\">Em conformidade com as disposi\u00e7\u00f5es dos artigos 6-III e 19 da Lei n.\u00ba 2004-575 de 21 de junho de 2004 sobre a confian\u00e7a na economia digital, conhecida como L.C.E.N., os utilizadores e visitantes do s\u00edtio s\u00e3o informados de que <a href=\"https:\/\/logyline.com\/pt\/\" target=\"_new\" rel=\"noopener\">www.logyline.com<\/a> este aviso legal.<\/p><h4 style=\"text-align: left;\"><strong>Editor do s\u00edtio<\/strong><\/h4><p style=\"text-align: left;\">O s\u00edtio Web <a href=\"https:\/\/logyline.com\/pt\/\" target=\"_new\" rel=\"noopener\">www.logyline.com<\/a> \u00e9 publicado por :<\/p><ul style=\"text-align: left;\"><li><strong>Nome da empresa<\/strong> : LOGYLINE<\/li><li><strong>Forma jur\u00eddica<\/strong> Sociedade an\u00f3nima simplificada (SAS)<\/li><li><strong>Sede social<\/strong> 6 rue Joule, 33700 M\u00e9rignac, Fran\u00e7a<\/li><li><strong>SIRET<\/strong> : 48990296500032<\/li><li><strong>Telefone<\/strong> : +33 (0)5 57 02 09 32<\/li><li><strong>Endere\u00e7o eletr\u00f3nico<\/strong> : <a rel=\"noopener\">contact@logyline.com<\/a><\/li><li><strong>Diretor editorial<\/strong> Th\u00e9ophane LANGLAIS<\/li><\/ul><h4 style=\"text-align: left;\"><strong>Alojamento de s\u00edtios Web<\/strong><\/h4><p style=\"text-align: left;\">O s\u00edtio Web <a href=\"https:\/\/logyline.com\/pt\/\" target=\"_new\" rel=\"noopener\">www.logyline.com<\/a> \u00e9 hospedado por :<\/p><ul style=\"text-align: left;\"><li><strong>Nome do anfitri\u00e3o<\/strong> : OVH<\/li><li><strong>Endere\u00e7o do anfitri\u00e3o<\/strong> 2 rue Kellermann, 59100 Roubaix, Fran\u00e7a<\/li><li><strong>Telefone<\/strong> : +33 (0)9 72 10 10 07<\/li><\/ul><h4 style=\"text-align: left;\"><strong>Propriedade intelectual e contrafa\u00e7\u00e3o<\/strong><\/h4><p style=\"text-align: left;\">LOGYLINE \u00e9 o propriet\u00e1rio dos direitos de propriedade intelectual ou det\u00e9m os direitos de utiliza\u00e7\u00e3o de todos os elementos acess\u00edveis no site, em particular os textos, imagens, gr\u00e1ficos, log\u00f3tipos, \u00edcones, sons e software.<\/p><p style=\"text-align: left;\">\u00c9 proibida qualquer reprodu\u00e7\u00e3o, representa\u00e7\u00e3o, modifica\u00e7\u00e3o, publica\u00e7\u00e3o, adapta\u00e7\u00e3o da totalidade ou de parte dos elementos do s\u00edtio, qualquer que seja o meio ou processo utilizado, exceto com a autoriza\u00e7\u00e3o pr\u00e9via por escrito da LOGYLINE.<\/p><h4 style=\"text-align: left;\"><strong>Limita\u00e7\u00e3o da responsabilidade<\/strong><\/h4><p style=\"text-align: left;\">A LOGYLINE n\u00e3o pode ser responsabilizada por quaisquer danos diretos ou indirectos causados ao equipamento do utilizador durante o acesso ao site. <a href=\"https:\/\/logyline.com\/pt\/\" target=\"_new\" rel=\"noopener\">www.logyline.com<\/a>Esta situa\u00e7\u00e3o pode resultar quer da utiliza\u00e7\u00e3o de equipamentos que n\u00e3o cumprem as especifica\u00e7\u00f5es indicadas no ponto anterior, quer do aparecimento de um bug ou de uma incompatibilidade.<\/p><p style=\"text-align: left;\">LOGYLINE n\u00e3o pode ser responsabilizada por danos indirectos (tais como perda de mercado ou perda de oportunidade) resultantes da utiliza\u00e7\u00e3o do site. <a href=\"https:\/\/logyline.com\/pt\/\" target=\"_new\" rel=\"noopener\">www.logyline.com<\/a>.<\/p><h4 style=\"text-align: left;\"><strong>Dados pessoais<\/strong><\/h4><p style=\"text-align: left;\">Em Fran\u00e7a, os dados pessoais s\u00e3o protegidos pela lei n.\u00ba 78-87 de 6 de janeiro de 1978, pela lei n.\u00ba 2004-801 de 6 de agosto de 2004, pelo artigo L.226-13 do C\u00f3digo Penal e pelo Regulamento Geral sobre a Prote\u00e7\u00e3o de Dados (RGPD: n.\u00ba 2016-679).<\/p><p style=\"text-align: left;\">Ao utilizar o <a href=\"https:\/\/logyline.com\/pt\/\" target=\"_new\" rel=\"noopener\">www.logyline.com<\/a>Ao registar-se no nosso s\u00edtio Web, o utilizador autoriza a recolha e o tratamento dos seus dados pessoais. Para mais informa\u00e7\u00f5es, consulte o nosso <a href=\"https:\/\/logyline.com\/pt\/cgv-et-politique-de-confidentialite\/\" rel=\"noopener\">Pol\u00edtica de privacidade<\/a>.<\/p><h4 style=\"text-align: left;\"><strong>Biscoitos<\/strong><\/h4><p style=\"text-align: left;\">O s\u00edtio Web <a href=\"https:\/\/logyline.com\/pt\/\" target=\"_new\" rel=\"noopener\">www.logyline.com<\/a> pode pedir-lhe que aceite cookies para fins estat\u00edsticos e de visualiza\u00e7\u00e3o. Um cookie \u00e9 um peda\u00e7o de informa\u00e7\u00e3o colocado no seu disco r\u00edgido pelo servidor do s\u00edtio que est\u00e1 a visitar.<\/p>\t\t\t\t\t\t\t\t<\/div>\n\t\t\t\t<\/div>\n\t\t\t\t\t<\/div>\n\t\t<\/div>\n\t\t\t\t\t<\/div>\n\t\t<\/section>\n\t\t\t\t<\/div>","protected":false},"excerpt":{"rendered":"<p>Mentions l\u00e9gales Conform\u00e9ment aux dispositions des articles 6-III et 19 de la Loi n\u00b02004-575 du 21 juin 2004 pour la Confiance dans l&rsquo;\u00c9conomie Num\u00e9rique, dite L.C.E.N., il est port\u00e9 \u00e0 la connaissance des utilisateurs et [&hellip;]<\/p>\n","protected":false},"author":4,"featured_media":0,"parent":0,"menu_order":0,"comment_status":"closed","ping_status":"closed","template":"","meta":{"site-sidebar-layout":"no-sidebar","site-content-layout":"page-builder","ast-site-content-layout":"default","site-content-style":"default","site-sidebar-style":"default","ast-global-header-display":"","ast-banner-title-visibility":"","ast-main-header-display":"","ast-hfb-above-header-display":"","ast-hfb-below-header-display":"","ast-hfb-mobile-header-display":"","site-post-title":"disabled","ast-breadcrumbs-content":"","ast-featured-img":"disabled","footer-sml-layout":"","ast-disable-related-posts":"","theme-transparent-header-meta":"enabled","adv-header-id-meta":"","stick-header-meta":"","header-above-stick-meta":"","header-main-stick-meta":"","header-below-stick-meta":"","astra-migrate-meta-layouts":"default","ast-page-background-enabled":"default","ast-page-background-meta":{"desktop":{"background-color":"","background-image":"","background-repeat":"repeat","background-position":"center center","background-size":"auto","background-attachment":"scroll","background-type":"","background-media":"","overlay-type":"","overlay-color":"","overlay-opacity":"","overlay-gradient":""},"tablet":{"background-color":"","background-image":"","background-repeat":"repeat","background-position":"center center","background-size":"auto","background-attachment":"scroll","background-type":"","background-media":"","overlay-type":"","overlay-color":"","overlay-opacity":"","overlay-gradient":""},"mobile":{"background-color":"","background-image":"","background-repeat":"repeat","background-position":"center center","background-size":"auto","background-attachment":"scroll","background-type":"","background-media":"","overlay-type":"","overlay-color":"","overlay-opacity":"","overlay-gradient":""}},"ast-content-background-meta":{"desktop":{"background-color":"var(--ast-global-color-5)","background-image":"","background-repeat":"repeat","background-position":"center center","background-size":"auto","background-attachment":"scroll","background-type":"","background-media":"","overlay-type":"","overlay-color":"","overlay-opacity":"","overlay-gradient":""},"tablet":{"background-color":"var(--ast-global-color-5)","background-image":"","background-repeat":"repeat","background-position":"center center","background-size":"auto","background-attachment":"scroll","background-type":"","background-media":"","overlay-type":"","overlay-color":"","overlay-opacity":"","overlay-gradient":""},"mobile":{"background-color":"var(--ast-global-color-5)","background-image":"","background-repeat":"repeat","background-position":"center center","background-size":"auto","background-attachment":"scroll","background-type":"","background-media":"","overlay-type":"","overlay-color":"","overlay-opacity":"","overlay-gradient":""}},"footnotes":""},"class_list":["post-8510","page","type-page","status-publish","hentry"],"yoast_head":"<!-- This site is optimized with the Yoast SEO plugin v27.4 - https:\/\/yoast.com\/product\/yoast-seo-wordpress\/ -->\n<title>Mentions l\u00e9gales - Logyline<\/title>\n<meta name=\"robots\" content=\"index, follow, max-snippet:-1, max-image-preview:large, max-video-preview:-1\" \/>\n<link rel=\"canonical\" href=\"https:\/\/logyline.com\/pt\/mentions-legales\/\" \/>\n<meta property=\"og:locale\" content=\"pt_PT\" \/>\n<meta property=\"og:type\" content=\"article\" \/>\n<meta property=\"og:title\" content=\"Mentions l\u00e9gales - Logyline\" \/>\n<meta property=\"og:description\" content=\"Mentions l\u00e9gales Conform\u00e9ment aux dispositions des articles 6-III et 19 de la Loi n\u00b02004-575 du 21 juin 2004 pour la Confiance dans l&rsquo;\u00c9conomie Num\u00e9rique, dite L.C.E.N., il est port\u00e9 \u00e0 la connaissance des utilisateurs et [&hellip;]\" \/>\n<meta property=\"og:url\" content=\"https:\/\/logyline.com\/pt\/mentions-legales\/\" \/>\n<meta property=\"og:site_name\" content=\"Logyline\" \/>\n<meta property=\"article:publisher\" content=\"https:\/\/www.facebook.com\/logyline\/\" \/>\n<meta property=\"article:modified_time\" content=\"2024-09-24T07:45:16+00:00\" \/>\n<meta name=\"twitter:card\" content=\"summary_large_image\" \/>\n<meta name=\"twitter:label1\" content=\"Tempo estimado de leitura\" \/>\n\t<meta name=\"twitter:data1\" content=\"2 minutos\" \/>\n<script type=\"application\/ld+json\" class=\"yoast-schema-graph\">{\"@context\":\"https:\\\/\\\/schema.org\",\"@graph\":[{\"@type\":\"WebPage\",\"@id\":\"https:\\\/\\\/logyline.com\\\/mentions-legales\\\/\",\"url\":\"https:\\\/\\\/logyline.com\\\/mentions-legales\\\/\",\"name\":\"Mentions l\u00e9gales - Logyline\",\"isPartOf\":{\"@id\":\"https:\\\/\\\/logyline.com\\\/#website\"},\"datePublished\":\"2024-09-20T09:11:25+00:00\",\"dateModified\":\"2024-09-24T07:45:16+00:00\",\"breadcrumb\":{\"@id\":\"https:\\\/\\\/logyline.com\\\/mentions-legales\\\/#breadcrumb\"},\"inLanguage\":\"pt-PT\",\"potentialAction\":[{\"@type\":\"ReadAction\",\"target\":[\"https:\\\/\\\/logyline.com\\\/mentions-legales\\\/\"]}]},{\"@type\":\"BreadcrumbList\",\"@id\":\"https:\\\/\\\/logyline.com\\\/mentions-legales\\\/#breadcrumb\",\"itemListElement\":[{\"@type\":\"ListItem\",\"position\":1,\"name\":\"Home\",\"item\":\"https:\\\/\\\/logyline.com\\\/\"},{\"@type\":\"ListItem\",\"position\":2,\"name\":\"Mentions l\u00e9gales\"}]},{\"@type\":\"WebSite\",\"@id\":\"https:\\\/\\\/logyline.com\\\/#website\",\"url\":\"https:\\\/\\\/logyline.com\\\/\",\"name\":\"Logyline\",\"description\":\"Pour une nouvelle dimension\",\"publisher\":{\"@id\":\"https:\\\/\\\/logyline.com\\\/#organization\"},\"potentialAction\":[{\"@type\":\"SearchAction\",\"target\":{\"@type\":\"EntryPoint\",\"urlTemplate\":\"https:\\\/\\\/logyline.com\\\/?s={search_term_string}\"},\"query-input\":{\"@type\":\"PropertyValueSpecification\",\"valueRequired\":true,\"valueName\":\"search_term_string\"}}],\"inLanguage\":\"pt-PT\"},{\"@type\":\"Organization\",\"@id\":\"https:\\\/\\\/logyline.com\\\/#organization\",\"name\":\"Logyline\",\"url\":\"https:\\\/\\\/logyline.com\\\/\",\"logo\":{\"@type\":\"ImageObject\",\"inLanguage\":\"pt-PT\",\"@id\":\"https:\\\/\\\/logyline.com\\\/#\\\/schema\\\/logo\\\/image\\\/\",\"url\":\"https:\\\/\\\/logyline.com\\\/wp-content\\\/uploads\\\/2023\\\/06\\\/cropped-LOGO-LOGYLINE-2021-RVB.png\",\"contentUrl\":\"https:\\\/\\\/logyline.com\\\/wp-content\\\/uploads\\\/2023\\\/06\\\/cropped-LOGO-LOGYLINE-2021-RVB.png\",\"width\":1087,\"height\":628,\"caption\":\"Logyline\"},\"image\":{\"@id\":\"https:\\\/\\\/logyline.com\\\/#\\\/schema\\\/logo\\\/image\\\/\"},\"sameAs\":[\"https:\\\/\\\/www.facebook.com\\\/logyline\\\/\",\"https:\\\/\\\/www.instagram.com\\\/logyline_software\\\/?hl=fr\",\"https:\\\/\\\/www.linkedin.com\\\/company\\\/logyline\\\/\",\"https:\\\/\\\/www.youtube.com\\\/channel\\\/UC_TB3XwfR6nRnjFDEbh3Ewg\"]}]}<\/script>\n<!-- \/ Yoast SEO plugin. -->","yoast_head_json":{"title":"Mentions l\u00e9gales - Logyline","robots":{"index":"index","follow":"follow","max-snippet":"max-snippet:-1","max-image-preview":"max-image-preview:large","max-video-preview":"max-video-preview:-1"},"canonical":"https:\/\/logyline.com\/pt\/mentions-legales\/","og_locale":"pt_PT","og_type":"article","og_title":"Mentions l\u00e9gales - Logyline","og_description":"Mentions l\u00e9gales Conform\u00e9ment aux dispositions des articles 6-III et 19 de la Loi n\u00b02004-575 du 21 juin 2004 pour la Confiance dans l&rsquo;\u00c9conomie Num\u00e9rique, dite L.C.E.N., il est port\u00e9 \u00e0 la connaissance des utilisateurs et [&hellip;]","og_url":"https:\/\/logyline.com\/pt\/mentions-legales\/","og_site_name":"Logyline","article_publisher":"https:\/\/www.facebook.com\/logyline\/","article_modified_time":"2024-09-24T07:45:16+00:00","twitter_card":"summary_large_image","twitter_misc":{"Tempo estimado de leitura":"2 minutos"},"schema":{"@context":"https:\/\/schema.org","@graph":[{"@type":"WebPage","@id":"https:\/\/logyline.com\/mentions-legales\/","url":"https:\/\/logyline.com\/mentions-legales\/","name":"Mentions l\u00e9gales - Logyline","isPartOf":{"@id":"https:\/\/logyline.com\/#website"},"datePublished":"2024-09-20T09:11:25+00:00","dateModified":"2024-09-24T07:45:16+00:00","breadcrumb":{"@id":"https:\/\/logyline.com\/mentions-legales\/#breadcrumb"},"inLanguage":"pt-PT","potentialAction":[{"@type":"ReadAction","target":["https:\/\/logyline.com\/mentions-legales\/"]}]},{"@type":"BreadcrumbList","@id":"https:\/\/logyline.com\/mentions-legales\/#breadcrumb","itemListElement":[{"@type":"ListItem","position":1,"name":"Home","item":"https:\/\/logyline.com\/"},{"@type":"ListItem","position":2,"name":"Mentions l\u00e9gales"}]},{"@type":"WebSite","@id":"https:\/\/logyline.com\/#website","url":"https:\/\/logyline.com\/","name":"Logomarca","description":"Para uma nova dimens\u00e3o","publisher":{"@id":"https:\/\/logyline.com\/#organization"},"potentialAction":[{"@type":"SearchAction","target":{"@type":"EntryPoint","urlTemplate":"https:\/\/logyline.com\/?s={search_term_string}"},"query-input":{"@type":"PropertyValueSpecification","valueRequired":true,"valueName":"search_term_string"}}],"inLanguage":"pt-PT"},{"@type":"Organization","@id":"https:\/\/logyline.com\/#organization","name":"Logomarca","url":"https:\/\/logyline.com\/","logo":{"@type":"ImageObject","inLanguage":"pt-PT","@id":"https:\/\/logyline.com\/#\/schema\/logo\/image\/","url":"https:\/\/logyline.com\/wp-content\/uploads\/2023\/06\/cropped-LOGO-LOGYLINE-2021-RVB.png","contentUrl":"https:\/\/logyline.com\/wp-content\/uploads\/2023\/06\/cropped-LOGO-LOGYLINE-2021-RVB.png","width":1087,"height":628,"caption":"Logyline"},"image":{"@id":"https:\/\/logyline.com\/#\/schema\/logo\/image\/"},"sameAs":["https:\/\/www.facebook.com\/logyline\/","https:\/\/www.instagram.com\/logyline_software\/?hl=fr","https:\/\/www.linkedin.com\/company\/logyline\/","https:\/\/www.youtube.com\/channel\/UC_TB3XwfR6nRnjFDEbh3Ewg"]}]}},"_links":{"self":[{"href":"https:\/\/logyline.com\/pt\/wp-json\/wp\/v2\/pages\/8510","targetHints":{"allow":["GET"]}}],"collection":[{"href":"https:\/\/logyline.com\/pt\/wp-json\/wp\/v2\/pages"}],"about":[{"href":"https:\/\/logyline.com\/pt\/wp-json\/wp\/v2\/types\/page"}],"author":[{"embeddable":true,"href":"https:\/\/logyline.com\/pt\/wp-json\/wp\/v2\/users\/4"}],"replies":[{"embeddable":true,"href":"https:\/\/logyline.com\/pt\/wp-json\/wp\/v2\/comments?post=8510"}],"version-history":[{"count":16,"href":"https:\/\/logyline.com\/pt\/wp-json\/wp\/v2\/pages\/8510\/revisions"}],"predecessor-version":[{"id":8543,"href":"https:\/\/logyline.com\/pt\/wp-json\/wp\/v2\/pages\/8510\/revisions\/8543"}],"wp:attachment":[{"href":"https:\/\/logyline.com\/pt\/wp-json\/wp\/v2\/media?parent=8510"}],"curies":[{"name":"wp","href":"https:\/\/api.w.org\/{rel}","templated":true}]}}